



{"id":107,"date":"2022-05-13T18:59:53","date_gmt":"2022-05-13T18:59:53","guid":{"rendered":"http:\/\/fdk.org.pl:443\/?page_id=107"},"modified":"2025-04-20T06:14:02","modified_gmt":"2025-04-20T06:14:02","slug":"koder-biz-english","status":"publish","type":"page","link":"https:\/\/fdk.org.pl\/?page_id=107&lang=en","title":{"rendered":"Cultural Routes Fund"},"content":{"rendered":"\n<p>Motto:<\/p>\n\n\n\n<h2 class=\"wp-block-heading\">Common Past \u2013 Common Routes \u2013 Common Future<\/h2>\n\n\n\n<figure class=\"wp-block-gallery has-nested-images columns-default is-cropped wp-block-gallery-1 is-layout-flex wp-block-gallery-is-layout-flex\">\n<figure class=\"wp-block-image size-large\"><img loading=\"lazy\" decoding=\"async\" width=\"1024\" height=\"768\" data-id=\"380\" src=\"https:\/\/fdk.org.pl:443\/wp-content\/uploads\/2022\/06\/2.jpg\" alt=\"\" class=\"wp-image-380\" srcset=\"https:\/\/fdk.org.pl\/wp-content\/uploads\/2022\/06\/2.jpg 1024w, https:\/\/fdk.org.pl\/wp-content\/uploads\/2022\/06\/2-300x225.jpg 300w, https:\/\/fdk.org.pl\/wp-content\/uploads\/2022\/06\/2-768x576.jpg 768w, https:\/\/fdk.org.pl\/wp-content\/uploads\/2022\/06\/2-600x450.jpg 600w\" sizes=\"auto, (max-width: 1024px) 100vw, 1024px\" \/><\/figure>\n\n\n\n<figure class=\"wp-block-image size-large\"><img loading=\"lazy\" decoding=\"async\" width=\"1024\" height=\"768\" data-id=\"382\" src=\"https:\/\/fdk.org.pl:443\/wp-content\/uploads\/2022\/06\/3.jpg\" alt=\"\" class=\"wp-image-382\" srcset=\"https:\/\/fdk.org.pl\/wp-content\/uploads\/2022\/06\/3.jpg 1024w, https:\/\/fdk.org.pl\/wp-content\/uploads\/2022\/06\/3-300x225.jpg 300w, https:\/\/fdk.org.pl\/wp-content\/uploads\/2022\/06\/3-768x576.jpg 768w, https:\/\/fdk.org.pl\/wp-content\/uploads\/2022\/06\/3-600x450.jpg 600w\" sizes=\"auto, (max-width: 1024px) 100vw, 1024px\" \/><\/figure>\n\n\n\n<figure class=\"wp-block-image size-large\"><img loading=\"lazy\" decoding=\"async\" width=\"1024\" height=\"768\" data-id=\"381\" src=\"https:\/\/fdk.org.pl:443\/wp-content\/uploads\/2022\/06\/4.jpg\" alt=\"\" class=\"wp-image-381\" srcset=\"https:\/\/fdk.org.pl\/wp-content\/uploads\/2022\/06\/4.jpg 1024w, https:\/\/fdk.org.pl\/wp-content\/uploads\/2022\/06\/4-300x225.jpg 300w, https:\/\/fdk.org.pl\/wp-content\/uploads\/2022\/06\/4-768x576.jpg 768w, https:\/\/fdk.org.pl\/wp-content\/uploads\/2022\/06\/4-600x450.jpg 600w\" sizes=\"auto, (max-width: 1024px) 100vw, 1024px\" \/><\/figure>\n\n\n\n<figure class=\"wp-block-image size-large\"><img loading=\"lazy\" decoding=\"async\" width=\"1024\" height=\"768\" data-id=\"383\" src=\"https:\/\/fdk.org.pl:443\/wp-content\/uploads\/2022\/06\/1.jpg\" alt=\"\" class=\"wp-image-383\" srcset=\"https:\/\/fdk.org.pl\/wp-content\/uploads\/2022\/06\/1.jpg 1024w, https:\/\/fdk.org.pl\/wp-content\/uploads\/2022\/06\/1-300x225.jpg 300w, https:\/\/fdk.org.pl\/wp-content\/uploads\/2022\/06\/1-768x576.jpg 768w, https:\/\/fdk.org.pl\/wp-content\/uploads\/2022\/06\/1-600x450.jpg 600w\" sizes=\"auto, (max-width: 1024px) 100vw, 1024px\" \/><\/figure>\n<\/figure>\n\n\n\n<p>The idea of a route involves social, cultural and economic aspects of human life. The route interpreted as the pursuit of humankind to develope propels social life, thus causing the flourishing of cities, regions, cultures and knowledge. This has led to the emergence of European cultural routes, which are a sign of a time change and simultaneously they transform the space through which they pass.     <\/p>\n\n\n\n<p>On the backbone of cultural routes, we are building the necessary bridges of understanding and transnational values, ideas, culture and identity for the future of Europe.     <\/p>\n\n\n\n<p>The idea of establishing the Found was born thanks to the efforts of blessed memory Krystyna Maria Mo\u017cd\u017ce\u0144 aimed at propagating cultural routes linking people and regions over national borders, breaking barriers and prejudices in people&#8217;s minds. Thanks to these efforts, travelling together along the paths of life is, and will always be, easier, more pleasant and more interesting.<\/p>\n\n\n\n<div style=\"height:100px\" aria-hidden=\"true\" class=\"wp-block-spacer\"><\/div>\n\n\n\n<p>You want to <strong>HELP<\/strong> US<br><strong>Like our Facebook<\/strong> page <strong>NOW<\/strong>,<br>this will make more people know about it<\/p>\n\n\n\n<p><a href=\"https:\/\/www.facebook.com\/fdrogkulturowych\">https:\/\/www.facebook.com\/fdrogkulturowych<\/a><\/p>\n\n\n\n<p>Thank you !<\/p>\n\n\n\n<div style=\"height:100px\" aria-hidden=\"true\" class=\"wp-block-spacer\"><\/div>\n\n\n\n<figure class=\"wp-block-table\"><table class=\"has-fixed-layout\"><tbody><tr><td><img decoding=\"async\" style=\"width: 150px;\" src=\"https:\/\/fdk.org.pl:443\/wp-content\/uploads\/2022\/06\/zm.jpg\" alt=\"\"><\/td><td><img decoding=\"async\" style=\"width: 150px;\" src=\"https:\/\/fdk.org.pl:443\/wp-content\/uploads\/2022\/06\/mm.jpg\" alt=\"\"><\/td><td><img decoding=\"async\" style=\"width: 150px;\" src=\"https:\/\/fdk.org.pl:443\/wp-content\/uploads\/2022\/06\/sm.jpg\" alt=\"\"><\/td><\/tr><tr><td><em>Zbigniew Mo\u017cd\u017ce\u0144<br>Administrative Board Chairman<\/em><br><\/td><td><em>Miron Mo\u017cd\u017ce\u0144<br>Board Member<\/em><br><\/td><td><em>Seweryn Mo\u017cd\u017ce\u0144<br>Fund&#8217;s Board Chairman<\/em><br><em>+48 791 86 75 99<\/em><\/td><\/tr><\/tbody><\/table><figcaption class=\"wp-element-caption\">Cultural Routes Fund Team<\/figcaption><\/figure>\n\n\n\n<div style=\"height:99px\" aria-hidden=\"true\" class=\"wp-block-spacer\"><\/div>\n\n\n\n<p>Photo Albums on Facebook:<\/p>\n\n\n\n<p><a href=\"https:\/\/www.facebook.com\/fdrogkulturowych\/photos\" target=\"_blank\" rel=\"noreferrer noopener\">https:\/\/www.facebook.com\/fdrogkulturowych\/photos<\/a><\/p>\n\n\n\n<p>Youtube videos:<\/p>\n\n\n\n<p><a href=\"https:\/\/www.youtube.com\/channel\/UCe7mEfjlAierNqYeDk8okGw\" target=\"_blank\" rel=\"noreferrer noopener\">https:\/\/www.youtube.com\/channel\/UCe7mEfjlAierNqYeDk8okGw<\/a><\/p>\n\n\n\n<p><strong>Zbigniew Mo\u017cd\u017ce\u0144 <\/strong>&#8211; graduate of the Faculty of Law and Administration of the Maria Curie-Sklodowska University affiliate in Rzesz\u00f3w. President of the Cultural Routes Fund, who for over 20 years has been involved in initiating and promoting cultural routes and raising funds for their creation. Creator or co-creator of many projects, e.g. &#8222;Route of Integral Renovation of Human Being \u2013 Via Reginae&#8221;, &#8222;Via Reginae&#8221;, &#8222;On the merchant track&#8221;, &#8222;VIA Regia &#8211; Kulturstra\u00dfe des Europarates&#8221;. Author of publications &#8222;Der kaufm\u00e4nnische Weg&#8221;, &#8222;A common past &#8211; a common road &#8211; a common future&#8221;. Long-time civic activist and Councillor of the Town Council of Jaros\u0142aw in its 3rd and 4th term. Professionally, he is Chairman of the Board of the Municipal Enterprise &#8222;Eko-Strug&#8221; Sp. z o.o. and the Social Enterprise &#8222;Eko-Strug Bis&#8221; sp. z o.o. Interested in the history of economic relations, international cooperation, integration activities. He lives in Jaros\u0142aw.<\/p>\n\n\n\n<p><strong>Miron Mo\u017cd\u017ce\u0144<\/strong> &#8211; solicitor, graduate of the law at the Jagiellonian University. Co-founder of the Cultural Routes Fund. Professionally related to the activity of local self-government &#8211; employed in the Town Hall of Jaros\u0142aw. For several years, he has been involved in raising external funds, mainly from the European Union. Co-founder of the project &#8222;Route of Integral Renovation of Human Being \u2013 Via Reginae&#8221;. Privately, interested in cultural routes and social and environmental psychology. Lives in Jaros\u0142aw.<\/p>\n\n\n\n<p><strong>Seweryn Mo\u017cd\u017ce\u0144<\/strong> &#8211; a law graduate from the Jagiellonian University, IT specialist &#8211; programmer, also designs websites. At the Cultural Routes Found, he serves as Chairman of the Foundation&#8217;s Council. He has been involved in the subject of cultural routes for several years. He participated in the Via Regia conference in Erfurt in 2004 and in the Via Regia &#8211; Merchants&#8217; Route conference in Jaros\u0142aw in 2007. Previously, he was involved in youth organisations. As the initiator of the creation of the Youth Council of the City of Jaros\u0142aw, he was honoured with the title &#8222;Meritorious for the Youth Council of the City of Jaros\u0142aw&#8221;. Privately, he is interested in cultural routes and psychology and management. Lives in Jaros\u0142aw.<\/p>\n","protected":false},"excerpt":{"rendered":"<p>Motto: Common Past \u2013 Common Routes \u2013 Common Future The idea of a route involves social, cultural and economic aspects of human life. The route interpreted as the pursuit of humankind to develope propels social life, thus causing the flourishing of cities, regions, cultures and knowledge. This has led to the emergence of European cultural&hellip; <a class=\"more-link\" href=\"https:\/\/fdk.org.pl\/?page_id=107&#038;lang=en\">Czytaj dalej <span class=\"screen-reader-text\">Cultural Routes Fund<\/span><\/a><\/p>\n","protected":false},"author":1,"featured_media":0,"parent":0,"menu_order":0,"comment_status":"closed","ping_status":"closed","template":"","meta":{"footnotes":""},"class_list":["post-107","page","type-page","status-publish","hentry","entry"],"aioseo_notices":[],"_links":{"self":[{"href":"https:\/\/fdk.org.pl\/index.php?rest_route=\/wp\/v2\/pages\/107","targetHints":{"allow":["GET"]}}],"collection":[{"href":"https:\/\/fdk.org.pl\/index.php?rest_route=\/wp\/v2\/pages"}],"about":[{"href":"https:\/\/fdk.org.pl\/index.php?rest_route=\/wp\/v2\/types\/page"}],"author":[{"embeddable":true,"href":"https:\/\/fdk.org.pl\/index.php?rest_route=\/wp\/v2\/users\/1"}],"replies":[{"embeddable":true,"href":"https:\/\/fdk.org.pl\/index.php?rest_route=%2Fwp%2Fv2%2Fcomments&post=107"}],"version-history":[{"count":10,"href":"https:\/\/fdk.org.pl\/index.php?rest_route=\/wp\/v2\/pages\/107\/revisions"}],"predecessor-version":[{"id":682,"href":"https:\/\/fdk.org.pl\/index.php?rest_route=\/wp\/v2\/pages\/107\/revisions\/682"}],"wp:attachment":[{"href":"https:\/\/fdk.org.pl\/index.php?rest_route=%2Fwp%2Fv2%2Fmedia&parent=107"}],"curies":[{"name":"wp","href":"https:\/\/api.w.org\/{rel}","templated":true}]}}