



{"id":127,"date":"2022-05-13T19:18:51","date_gmt":"2022-05-13T19:18:51","guid":{"rendered":"http:\/\/fdk.org.pl:443\/?page_id=127"},"modified":"2022-06-12T08:58:21","modified_gmt":"2022-06-12T08:58:21","slug":"information-on-data-processing","status":"publish","type":"page","link":"https:\/\/fdk.org.pl\/?page_id=127&lang=en","title":{"rendered":"Information on data processing"},"content":{"rendered":"\n<p><br><\/p>\n\n\n\n<p>Your personal data is administered by Seweryn Mo\u017cd\u017ce\u0144 whose address \nis at 21 flat 1 Poniatowski Street, 37-500 Jaros\u0142aw, e-mail: \nsewerynmozdzen@op.pl<\/p>\n\n\n\n<p>If you have any questions regarding your data, please contact the Data Protection Officer, e-mail iod@mozdzen.pl<\/p>\n\n\n\n<p>The data will be processed in order to provide services available on the websites on the basis of your consent.<br>The\n data may be made available to other entities for the purpose of correct\n and efficient performance of services and settlement of projects \nconducted by Seweryn Mo\u017cd\u017ce\u0144.<\/p>\n\n\n\n<p>You have the right to access, correct, delete or limit the processing of your personal data.<br>You have the right to object to further processing and, if you agree to<br>the processing, to withdraw it. The exercise of the right to withdraw<br>consent shall not affect the processing that has taken place up to the<br>time of withdrawal of consent.<br>You also have the right to transfer data (in particular transaction history).<br>You have the right to lodge a complaint with a supervisory authority.<\/p>\n","protected":false},"excerpt":{"rendered":"<p>Your personal data is administered by Seweryn Mo\u017cd\u017ce\u0144 whose address is at 21 flat 1 Poniatowski Street, 37-500 Jaros\u0142aw, e-mail: sewerynmozdzen@op.pl If you have any questions regarding your data, please contact the Data Protection Officer, e-mail iod@mozdzen.pl The data will be processed in order to provide services available on the websites on the basis of&hellip; <a class=\"more-link\" href=\"https:\/\/fdk.org.pl\/?page_id=127&#038;lang=en\">Czytaj dalej <span class=\"screen-reader-text\">Information on data processing<\/span><\/a><\/p>\n","protected":false},"author":1,"featured_media":0,"parent":0,"menu_order":0,"comment_status":"closed","ping_status":"open","template":"","meta":{"footnotes":""},"class_list":["post-127","page","type-page","status-publish","hentry","entry"],"aioseo_notices":[],"_links":{"self":[{"href":"https:\/\/fdk.org.pl\/index.php?rest_route=\/wp\/v2\/pages\/127","targetHints":{"allow":["GET"]}}],"collection":[{"href":"https:\/\/fdk.org.pl\/index.php?rest_route=\/wp\/v2\/pages"}],"about":[{"href":"https:\/\/fdk.org.pl\/index.php?rest_route=\/wp\/v2\/types\/page"}],"author":[{"embeddable":true,"href":"https:\/\/fdk.org.pl\/index.php?rest_route=\/wp\/v2\/users\/1"}],"replies":[{"embeddable":true,"href":"https:\/\/fdk.org.pl\/index.php?rest_route=%2Fwp%2Fv2%2Fcomments&post=127"}],"version-history":[{"count":1,"href":"https:\/\/fdk.org.pl\/index.php?rest_route=\/wp\/v2\/pages\/127\/revisions"}],"predecessor-version":[{"id":128,"href":"https:\/\/fdk.org.pl\/index.php?rest_route=\/wp\/v2\/pages\/127\/revisions\/128"}],"wp:attachment":[{"href":"https:\/\/fdk.org.pl\/index.php?rest_route=%2Fwp%2Fv2%2Fmedia&parent=127"}],"curies":[{"name":"wp","href":"https:\/\/api.w.org\/{rel}","templated":true}]}}