



{"id":129,"date":"2022-05-13T19:22:00","date_gmt":"2022-05-13T19:22:00","guid":{"rendered":"http:\/\/fdk.org.pl:443\/?page_id=129"},"modified":"2022-06-12T08:59:05","modified_gmt":"2022-06-12T08:59:05","slug":"informationen-zur-datenverarbeitung","status":"publish","type":"page","link":"https:\/\/fdk.org.pl\/?page_id=129&lang=de","title":{"rendered":"Informationen zur Datenverarbeitung"},"content":{"rendered":"\n<p>Ihre personenbezogenen Daten werden von Zbigniew Mo\u017cd\u017ce\u0144 verwaltet, dessen Anschrift sich unter der Poniatowski-Stra\u00dfe 21 Wohnung 1, 37-500 Jaros\u0142aw, E-Mail: iod@fdk.org.pl befindet.<\/p>\n\n\n\n<p>Wenn Sie Fragen zu Ihren Daten haben, wenden Sie sich bitte an den Datenschutzbeauftragten, E-Mail iod@fdk.org.pl<\/p>\n\n\n\n<p>Die Daten werden verarbeitet, um die auf den Websites verf\u00fcgbaren Dienstleistungen auf der Grundlage Ihrer Zustimmung zu erbringen.<br>Die Daten k\u00f6nnen zum Zweck der korrekten und effizienten Erbringung von Dienstleistungen und der Abwicklung von Projekten, die von Seweryn Mo\u017cd\u017ce\u0144 durchgef\u00fchrt werden, anderen Stellen zur Verf\u00fcgung gestellt werden.<\/p>\n\n\n\n<p>Sie haben das Recht auf Zugang, Berichtigung, L\u00f6schung oder Einschr\u00e4nkung der Verarbeitung Ihrer personenbezogenen Daten.<br>Sie haben das Recht, der weiteren Verarbeitung zu widersprechen und, falls Sie mit der<br>der Verarbeitung zustimmen, diese zu widerrufen. Die Aus\u00fcbung des Rechts auf Widerruf der<br>Aus\u00fcbung des Rechts auf Widerruf der Einwilligung hat keinen Einfluss auf die bis zum<br>Zeitpunkt des Widerrufs der Einwilligung erfolgt ist.<br>Sie haben au\u00dferdem das Recht auf Daten\u00fcbertragbarkeit (insbesondere der Transaktionshistorie).<br>Sie haben das Recht, eine Beschwerde bei einer Aufsichtsbeh\u00f6rde einzureichen.<\/p>\n","protected":false},"excerpt":{"rendered":"<p>Ihre personenbezogenen Daten werden von Zbigniew Mo\u017cd\u017ce\u0144 verwaltet, dessen Anschrift sich unter der Poniatowski-Stra\u00dfe 21 Wohnung 1, 37-500 Jaros\u0142aw, E-Mail: iod@fdk.org.pl befindet. Wenn Sie Fragen zu Ihren Daten haben, wenden Sie sich bitte an den Datenschutzbeauftragten, E-Mail iod@fdk.org.pl Die Daten werden verarbeitet, um die auf den Websites verf\u00fcgbaren Dienstleistungen auf der Grundlage Ihrer Zustimmung zu&hellip; <a class=\"more-link\" href=\"https:\/\/fdk.org.pl\/?page_id=129&#038;lang=de\">Czytaj dalej <span class=\"screen-reader-text\">Informationen zur Datenverarbeitung<\/span><\/a><\/p>\n","protected":false},"author":1,"featured_media":0,"parent":0,"menu_order":0,"comment_status":"closed","ping_status":"open","template":"","meta":{"footnotes":""},"class_list":["post-129","page","type-page","status-publish","hentry","entry"],"aioseo_notices":[],"_links":{"self":[{"href":"https:\/\/fdk.org.pl\/index.php?rest_route=\/wp\/v2\/pages\/129","targetHints":{"allow":["GET"]}}],"collection":[{"href":"https:\/\/fdk.org.pl\/index.php?rest_route=\/wp\/v2\/pages"}],"about":[{"href":"https:\/\/fdk.org.pl\/index.php?rest_route=\/wp\/v2\/types\/page"}],"author":[{"embeddable":true,"href":"https:\/\/fdk.org.pl\/index.php?rest_route=\/wp\/v2\/users\/1"}],"replies":[{"embeddable":true,"href":"https:\/\/fdk.org.pl\/index.php?rest_route=%2Fwp%2Fv2%2Fcomments&post=129"}],"version-history":[{"count":2,"href":"https:\/\/fdk.org.pl\/index.php?rest_route=\/wp\/v2\/pages\/129\/revisions"}],"predecessor-version":[{"id":333,"href":"https:\/\/fdk.org.pl\/index.php?rest_route=\/wp\/v2\/pages\/129\/revisions\/333"}],"wp:attachment":[{"href":"https:\/\/fdk.org.pl\/index.php?rest_route=%2Fwp%2Fv2%2Fmedia&parent=129"}],"curies":[{"name":"wp","href":"https:\/\/api.w.org\/{rel}","templated":true}]}}