



{"id":2,"date":"2021-11-14T06:08:04","date_gmt":"2021-11-14T06:08:04","guid":{"rendered":"http:\/?page_id=2"},"modified":"2024-03-22T10:23:41","modified_gmt":"2024-03-22T10:23:41","slug":"sample-page","status":"publish","type":"page","link":"https:\/\/fdk.org.pl\/","title":{"rendered":"Fundacja dr\u00f3g kulturowych"},"content":{"rendered":"\n<p><strong>Fundacja dr\u00f3g kulturowych<\/strong><\/p>\n\n\n\n<p>Nasze motto:<\/p>\n\n\n\n<h2 class=\"wp-block-heading\">Wsp\u00f3lna przesz\u0142o\u015b\u0107 \u2013 Wsp\u00f3lna droga \u2013 Wsp\u00f3lna przysz\u0142o\u015b\u0107<\/h2>\n\n\n\n<figure class=\"wp-block-gallery has-nested-images columns-default is-cropped wp-block-gallery-1 is-layout-flex wp-block-gallery-is-layout-flex\">\n<figure class=\"wp-block-image size-large\"><img loading=\"lazy\" decoding=\"async\" width=\"1024\" height=\"768\" data-id=\"380\" src=\"https:\/\/fdk.org.pl:443\/wp-content\/uploads\/2022\/06\/2.jpg\" alt=\"\" class=\"wp-image-380\" srcset=\"https:\/\/fdk.org.pl\/wp-content\/uploads\/2022\/06\/2.jpg 1024w, https:\/\/fdk.org.pl\/wp-content\/uploads\/2022\/06\/2-300x225.jpg 300w, https:\/\/fdk.org.pl\/wp-content\/uploads\/2022\/06\/2-768x576.jpg 768w, https:\/\/fdk.org.pl\/wp-content\/uploads\/2022\/06\/2-600x450.jpg 600w\" sizes=\"auto, (max-width: 1024px) 100vw, 1024px\" \/><\/figure>\n\n\n\n<figure class=\"wp-block-image size-large\"><img loading=\"lazy\" decoding=\"async\" width=\"1024\" height=\"768\" data-id=\"382\" src=\"https:\/\/fdk.org.pl:443\/wp-content\/uploads\/2022\/06\/3.jpg\" alt=\"\" class=\"wp-image-382\" srcset=\"https:\/\/fdk.org.pl\/wp-content\/uploads\/2022\/06\/3.jpg 1024w, https:\/\/fdk.org.pl\/wp-content\/uploads\/2022\/06\/3-300x225.jpg 300w, https:\/\/fdk.org.pl\/wp-content\/uploads\/2022\/06\/3-768x576.jpg 768w, https:\/\/fdk.org.pl\/wp-content\/uploads\/2022\/06\/3-600x450.jpg 600w\" sizes=\"auto, (max-width: 1024px) 100vw, 1024px\" \/><\/figure>\n\n\n\n<figure class=\"wp-block-image size-large\"><img loading=\"lazy\" decoding=\"async\" width=\"1024\" height=\"768\" data-id=\"381\" src=\"https:\/\/fdk.org.pl:443\/wp-content\/uploads\/2022\/06\/4.jpg\" alt=\"\" class=\"wp-image-381\" srcset=\"https:\/\/fdk.org.pl\/wp-content\/uploads\/2022\/06\/4.jpg 1024w, https:\/\/fdk.org.pl\/wp-content\/uploads\/2022\/06\/4-300x225.jpg 300w, https:\/\/fdk.org.pl\/wp-content\/uploads\/2022\/06\/4-768x576.jpg 768w, https:\/\/fdk.org.pl\/wp-content\/uploads\/2022\/06\/4-600x450.jpg 600w\" sizes=\"auto, (max-width: 1024px) 100vw, 1024px\" \/><\/figure>\n\n\n\n<figure class=\"wp-block-image size-large\"><img loading=\"lazy\" decoding=\"async\" width=\"1024\" height=\"768\" data-id=\"383\" src=\"https:\/\/fdk.org.pl:443\/wp-content\/uploads\/2022\/06\/1.jpg\" alt=\"\" class=\"wp-image-383\" srcset=\"https:\/\/fdk.org.pl\/wp-content\/uploads\/2022\/06\/1.jpg 1024w, https:\/\/fdk.org.pl\/wp-content\/uploads\/2022\/06\/1-300x225.jpg 300w, https:\/\/fdk.org.pl\/wp-content\/uploads\/2022\/06\/1-768x576.jpg 768w, https:\/\/fdk.org.pl\/wp-content\/uploads\/2022\/06\/1-600x450.jpg 600w\" sizes=\"auto, (max-width: 1024px) 100vw, 1024px\" \/><\/figure>\n<\/figure>\n\n\n\n<p>Idea drogi wi\u0105\u017ce si\u0119 zar\u00f3wno z aspektami spo\u0142ecznymi, kulturowymi jak i gospodarczymi \u017cycia cz\u0142owieka. Droga jako d\u0105\u017cenie cz\u0142owieka do rozwoju wprawia w ruch \u017cycie spo\u0142eczne, powoduj\u0105c tym samym rozkwit miast, region\u00f3w, kultury oraz wiedzy. Doprowadzi\u0142o to do powstawania europejskich szlak\u00f3w kulturowych, b\u0119d\u0105cych znakiem zmiany czasu, kt\u00f3re jednocze\u015bnie przekszta\u0142caj\u0105 przestrze\u0144 przez kt\u00f3re przebiegaj\u0105.<br><br>Na kr\u0119gos\u0142upie szlak\u00f3w kultury budujemy niezb\u0119dne dla przysz\u0142o\u015bci Europy mosty porozumienia oraz ponadnarodowe warto\u015bci, idee, kultur\u0119 i to\u017csamo\u015b\u0107.<br><br>Pomys\u0142 powstania Fundacji narodzi\u0142 si\u0119 dzi\u0119ki wysi\u0142kom \u015bp. Krystyny Marii Mo\u017cd\u017ce\u0144 maj\u0105cym na celu rozpropagowanie szlak\u00f3w kulturowych \u0142\u0105cz\u0105cych ze sob\u0105 ludzi i regiony ponad granicami pa\u0144stw, \u0142ami\u0105cych bariery i uprzedzenia w umys\u0142ach ludzi. Dzi\u0119ki tym staraniom, wsp\u00f3lna podr\u00f3\u017c drogami \u017cycia jest, i b\u0119dzie na zawsze, \u0142atwiejsza, przyjemniejsza oraz ciekawsza.<\/p>\n\n\n\n<div style=\"height:100px\" aria-hidden=\"true\" class=\"wp-block-spacer\"><\/div>\n\n\n\n<p>Chcesz <strong>POM\u00d3C<\/strong> w Naszej dzia\u0142alno\u015bci<br><strong>Polub TERAZ <\/strong>Nasz\u0105 stron\u0119 na <strong>Facebooku<\/strong>,<br>to sprawi \u017ce wi\u0119cej os\u00f3b b\u0119dzie o Niej wiedzie\u0107 <\/p>\n\n\n\n<p><a href=\"https:\/\/www.facebook.com\/fdrogkulturowych\">https:\/\/www.facebook.com\/fdrogkulturowych<\/a><\/p>\n\n\n\n<p>Dzi\u0119kujemy !<\/p>\n\n\n\n<div style=\"height:100px\" aria-hidden=\"true\" class=\"wp-block-spacer\"><\/div>\n\n\n\n<figure class=\"wp-block-table\"><table class=\"has-fixed-layout\"><tbody><tr><td><img decoding=\"async\" style=\"width: 150px;\" src=\"https:\/\/fdk.org.pl:443\/wp-content\/uploads\/2022\/06\/zm.jpg\" alt=\"\"><\/td><td><img decoding=\"async\" style=\"width: 150px;\" src=\"https:\/\/fdk.org.pl:443\/wp-content\/uploads\/2022\/06\/mm.jpg\" alt=\"\"><\/td><td><img decoding=\"async\" style=\"width: 150px;\" src=\"https:\/\/fdk.org.pl:443\/wp-content\/uploads\/2022\/06\/sm.jpg\" alt=\"\"><\/td><\/tr><tr><td>Zbigniew Mo\u017cd\u017ce\u0144<br>Prezes Zarz\u0105du<\/td><td>Miron Mo\u017cd\u017ce\u0144<br>Rada Fundacji<\/td><td>Seweryn Mo\u017cd\u017ce\u0144<br>Przewodnicz\u0105cy Rady Fundacji<br>+48 791 86 75 99<\/td><\/tr><tr><td><em>Zbigniew Mo\u017cd\u017ce\u0144<br>Administrative Board Chairman<\/em><\/td><td><em>Miron Mo\u017cd\u017ce\u0144<br>Board Member<\/em><\/td><td><em>Seweryn Mo\u017cd\u017ce\u0144<br>Fund&#8217;s Board Chairman<\/em><br><em>+48 791 86 75 99<\/em><\/td><\/tr><\/tbody><\/table><figcaption class=\"wp-element-caption\">Zesp\u00f3\u0142 Fundacji dr\u00f3g kulturowych<\/figcaption><\/figure>\n\n\n\n<div style=\"height:99px\" aria-hidden=\"true\" class=\"wp-block-spacer\"><\/div>\n\n\n\n<p>Albumy Zdj\u0119\u0107 na Facebooku:<\/p>\n\n\n\n<p><a href=\"https:\/\/www.facebook.com\/fdrogkulturowych\/photos\" target=\"_blank\" rel=\"noreferrer noopener\">https:\/\/www.facebook.com\/fdrogkulturowych\/photos<\/a><\/p>\n\n\n\n<p>Filmy na Youtube:<\/p>\n\n\n\n<p><a href=\"https:\/\/www.youtube.com\/channel\/UCe7mEfjlAierNqYeDk8okGw\" target=\"_blank\" rel=\"noreferrer noopener\">https:\/\/www.youtube.com\/channel\/UCe7mEfjlAierNqYeDk8okGw<\/a><\/p>\n\n\n\n<p><\/p>\n\n\n\n<p><strong>Zbigniew Mo\u017cd\u017ce\u0144 <\/strong>\u2013 absolwent Wydzia\u0142u Prawa i Administracji Filii UMCS w Rzeszowie. Prezes Fundacji Dr\u00f3g Kulturowych, kt\u00f3ry od ponad 20 lat zwi\u0105zany jest z inicjowaniem i promowaniem szlak\u00f3w kulturowych oraz pozyskiwaniem funduszy na ich tworzenie. Tw\u00f3rca lub wsp\u00f3\u0142tw\u00f3rca wielu projekt\u00f3w m.in. \u201eDroga Integralnej Odnowy Cz\u0142owieka Via Reginae\u201d, \u201eVia Reginae\u201d, \u201eNa kupieckim szlaku\u201d, \u201eVIA Regia \u2013 Kulturstra\u00dfe des Europarates\u201d. Autor publikacji &#8222;Der kaufm\u00e4nnische Weg&#8221;, \u201eWsp\u00f3lna przesz\u0142o\u015b\u0107 \u2013 wsp\u00f3lna droga \u2013 wsp\u00f3lna przysz\u0142o\u015b\u0107\u201c. Wieloletni dzia\u0142acz spo\u0142eczny oraz Radny Rady Miasta Jaros\u0142awia III i IV kadencji. Zawodowo pe\u0142ni funkcj\u0119 Prezesa Zarz\u0105du Przedsi\u0119biorstwa Gospodarki Komunalnej \u201eEko-Strug\u201d Sp. z o. o. oraz Przedsi\u0119biorstwa Spo\u0142ecznego \u201eEko-Strug Bis\u201d sp. z o.o. Zainteresowany histori\u0105 stosunk\u00f3w gospodarczych, wsp\u00f3\u0142prac\u0105 mi\u0119dzynarodow\u0105, dzia\u0142aniami integracyjnymi. Mieszka w Jaros\u0142awiu.<\/p>\n\n\n\n<p><strong>Miron Mo\u017cd\u017ce\u0144 <\/strong>\u2013 radca prawny, absolwent prawa Uniwersytetu Jagiello\u0144skiego. Wsp\u00f3\u0142za\u0142o\u017cyciel Fundacji Dr\u00f3g Kulturowych. Zawodowo zwi\u0105zany z dzia\u0142alno\u015bci\u0105 samorz\u0105du terytorialnego \u2013 zatrudniony w Urz\u0119dzie Miasta Jaros\u0142awia. Od kilku lat zajmuje si\u0119 pozyskiwaniem funduszy zewn\u0119trznych, g\u0142\u00f3wnie ze \u015brodk\u00f3w Unii Europejskiej. Wsp\u00f3\u0142tw\u00f3rca projektu \u201eDroga Integralnej Odnowy Cz\u0142owieka Via Reginae\u201d. Prywatnie zainteresowany tematyk\u0105 szlak\u00f3w kulturowych oraz psychologi\u0105 spo\u0142eczn\u0105 i \u015brodowiskow\u0105. Mieszka w Jaros\u0142awiu.<\/p>\n\n\n\n<p><strong>Seweryn Mo\u017cd\u017ce\u0144<\/strong> &#8211; absolwent prawa Uniwersytetu Jagiello\u0144skiego, informatyk &#8211; programista, projektuje te\u017c strony internetowe. W Fundacji Dr\u00f3g Kulturowych pe\u0142ni funkcj\u0119 Przewodnicz\u0105cego Rady Fundacji. Tematyk\u0105 szlak\u00f3w kulturowych zajmuje si\u0119 od kilkunastu lat. Uczestniczy\u0142 w konferencji Via Regia w Erfurcie w 2004 roku oraz w konferencji Via Regia &#8211; Kupiecki Szlak &#8211; PWSZ w Jaros\u0142awiu w 2007 roku. Wcze\u015bniej anga\u017cowa\u0142 si\u0119 w dzia\u0142alno\u015b\u0107 organizacji m\u0142odzie\u017cowych. Jako inicjator powstania M\u0142odzie\u017cowej Rady Miasta Jaros\u0142awia zosta\u0142 uhonorowany tytu\u0142em \u201eZas\u0142u\u017cony dla M\u0142odzie\u017cowej Rady Miasta Jaros\u0142awia\u201d. Prywatnie zainteresowany tematyk\u0105 szlak\u00f3w kulturowych oraz psychologi\u0105 i zarz\u0105dzaniem. Mieszka w Jaros\u0142awiu.<\/p>\n","protected":false},"excerpt":{"rendered":"<p>Fundacja dr\u00f3g kulturowych Nasze motto: Wsp\u00f3lna przesz\u0142o\u015b\u0107 \u2013 Wsp\u00f3lna droga \u2013 Wsp\u00f3lna przysz\u0142o\u015b\u0107 Idea drogi wi\u0105\u017ce si\u0119 zar\u00f3wno z aspektami spo\u0142ecznymi, kulturowymi jak i gospodarczymi \u017cycia cz\u0142owieka. Droga jako d\u0105\u017cenie cz\u0142owieka do rozwoju wprawia w ruch \u017cycie spo\u0142eczne, powoduj\u0105c tym samym rozkwit miast, region\u00f3w, kultury oraz wiedzy. Doprowadzi\u0142o to do powstawania europejskich szlak\u00f3w kulturowych, b\u0119d\u0105cych&hellip; <a class=\"more-link\" href=\"https:\/\/fdk.org.pl\/\">Czytaj dalej <span class=\"screen-reader-text\">Fundacja dr\u00f3g kulturowych<\/span><\/a><\/p>\n","protected":false},"author":1,"featured_media":0,"parent":0,"menu_order":0,"comment_status":"closed","ping_status":"open","template":"","meta":{"footnotes":""},"class_list":["post-2","page","type-page","status-publish","hentry","entry"],"aioseo_notices":[],"_links":{"self":[{"href":"https:\/\/fdk.org.pl\/index.php?rest_route=\/wp\/v2\/pages\/2","targetHints":{"allow":["GET"]}}],"collection":[{"href":"https:\/\/fdk.org.pl\/index.php?rest_route=\/wp\/v2\/pages"}],"about":[{"href":"https:\/\/fdk.org.pl\/index.php?rest_route=\/wp\/v2\/types\/page"}],"author":[{"embeddable":true,"href":"https:\/\/fdk.org.pl\/index.php?rest_route=\/wp\/v2\/users\/1"}],"replies":[{"embeddable":true,"href":"https:\/\/fdk.org.pl\/index.php?rest_route=%2Fwp%2Fv2%2Fcomments&post=2"}],"version-history":[{"count":39,"href":"https:\/\/fdk.org.pl\/index.php?rest_route=\/wp\/v2\/pages\/2\/revisions"}],"predecessor-version":[{"id":668,"href":"https:\/\/fdk.org.pl\/index.php?rest_route=\/wp\/v2\/pages\/2\/revisions\/668"}],"wp:attachment":[{"href":"https:\/\/fdk.org.pl\/index.php?rest_route=%2Fwp%2Fv2%2Fmedia&parent=2"}],"curies":[{"name":"wp","href":"https:\/\/api.w.org\/{rel}","templated":true}]}}