



{"id":278,"date":"2022-06-12T04:42:28","date_gmt":"2022-06-12T04:42:28","guid":{"rendered":"http:\/\/fdk.org.pl:443\/?page_id=278"},"modified":"2022-06-12T09:01:10","modified_gmt":"2022-06-12T09:01:10","slug":"oferta","status":"publish","type":"page","link":"https:\/\/fdk.org.pl\/?page_id=278","title":{"rendered":"Oferta"},"content":{"rendered":"\n<p><strong>Oferujemy kompleksowe us\u0142ugi w zakresie:<\/strong><br>opracowywania dokument\u00f3w strategicznych, ekspertyz dla instytucji, jednostek na szczeblu gminnym, powiatowym, wojew\u00f3dzkim i krajowym opracowywania koncepcji projektowych oraz wniosk\u00f3w aplikacyjnych tworzenia i koordynacji partnerstw projektowych wdra\u017cania i rozliczania projekt\u00f3w (w tym finansowanych ze \u015brodk\u00f3w zewn\u0119trznych, np. unijnych) organizacji wydarze\u0144, konferencji, seminari\u00f3w, szkole\u0144, wystaw dla okre\u015blonych grup powo\u0142ywania i bie\u017c\u0105cej koordynacji r\u00f3\u017cnorodnych Zespo\u0142\u00f3w dzia\u0142aj\u0105cych przy jednostkach samorz\u0105du terytorialnego b\u0105d\u017a samodzielnie, kt\u00f3rych podstawowym zadaniem jest rozwi\u0105zywanie konkretnych problem\u00f3w<\/p>\n\n\n\n<p><strong>Dysponujemy:<\/strong> zespo\u0142em specjalist\u00f3w z zakresu kulturowo\u015bci, przedsi\u0119biorczo\u015bci, samorz\u0105dno\u015bci, dotacji unijnych, prawa, ekonomii, socjologii, politologii, psychologii, duchowo\u015bci zbiorem rozwi\u0105za\u0144 \u2013 dobrych praktyk wieloletnim do\u015bwiadczeniem praktyczn\u0105 wiedz\u0105<br><br><a rel=\"noreferrer noopener\" href=\"https:\/\/fdk.org.pl:443\/docs\/statut_FDK.pdf\" target=\"_blank\">Statut Fundacji Dr\u00f3g Kulturowych<\/a><\/p>\n","protected":false},"excerpt":{"rendered":"<p>Oferujemy kompleksowe us\u0142ugi w zakresie:opracowywania dokument\u00f3w strategicznych, ekspertyz dla instytucji, jednostek na szczeblu gminnym, powiatowym, wojew\u00f3dzkim i krajowym opracowywania koncepcji projektowych oraz wniosk\u00f3w aplikacyjnych tworzenia i koordynacji partnerstw projektowych wdra\u017cania i rozliczania projekt\u00f3w (w tym finansowanych ze \u015brodk\u00f3w zewn\u0119trznych, np. unijnych) organizacji wydarze\u0144, konferencji, seminari\u00f3w, szkole\u0144, wystaw dla okre\u015blonych grup powo\u0142ywania i bie\u017c\u0105cej koordynacji r\u00f3\u017cnorodnych&hellip; <a class=\"more-link\" href=\"https:\/\/fdk.org.pl\/?page_id=278\">Czytaj dalej <span class=\"screen-reader-text\">Oferta<\/span><\/a><\/p>\n","protected":false},"author":1,"featured_media":0,"parent":0,"menu_order":0,"comment_status":"closed","ping_status":"closed","template":"","meta":{"footnotes":""},"class_list":["post-278","page","type-page","status-publish","hentry","entry"],"aioseo_notices":[],"_links":{"self":[{"href":"https:\/\/fdk.org.pl\/index.php?rest_route=\/wp\/v2\/pages\/278","targetHints":{"allow":["GET"]}}],"collection":[{"href":"https:\/\/fdk.org.pl\/index.php?rest_route=\/wp\/v2\/pages"}],"about":[{"href":"https:\/\/fdk.org.pl\/index.php?rest_route=\/wp\/v2\/types\/page"}],"author":[{"embeddable":true,"href":"https:\/\/fdk.org.pl\/index.php?rest_route=\/wp\/v2\/users\/1"}],"replies":[{"embeddable":true,"href":"https:\/\/fdk.org.pl\/index.php?rest_route=%2Fwp%2Fv2%2Fcomments&post=278"}],"version-history":[{"count":3,"href":"https:\/\/fdk.org.pl\/index.php?rest_route=\/wp\/v2\/pages\/278\/revisions"}],"predecessor-version":[{"id":334,"href":"https:\/\/fdk.org.pl\/index.php?rest_route=\/wp\/v2\/pages\/278\/revisions\/334"}],"wp:attachment":[{"href":"https:\/\/fdk.org.pl\/index.php?rest_route=%2Fwp%2Fv2%2Fmedia&parent=278"}],"curies":[{"name":"wp","href":"https:\/\/api.w.org\/{rel}","templated":true}]}}