



{"id":280,"date":"2022-06-12T04:44:18","date_gmt":"2022-06-12T04:44:18","guid":{"rendered":"http:\/\/fdk.org.pl:443\/?page_id=280"},"modified":"2022-06-12T09:12:41","modified_gmt":"2022-06-12T09:12:41","slug":"strefa-mof-jaroslaw-przeworsk","status":"publish","type":"page","link":"https:\/\/fdk.org.pl\/?page_id=280","title":{"rendered":"Strefa MOF Jaros\u0142aw-Przeworsk"},"content":{"rendered":"\n<p><strong>DROGA ROZWOJU GMIN<\/strong><\/p>\n\n\n\n<p><strong>KONCEPCJA ETAPOWEGO PRZEDSI\u0118WZI\u0118CIA 5+<\/strong><\/p>\n\n\n\n<p><strong><u>\u201eSTREFA MOF JAROS\u0141AW-PRZEWORSK\u201d<\/u><\/strong><\/p>\n\n\n\n<p>Dla ka\u017cdej z jednostek samorz\u0105du terytorialnego strategia inwestycyjna to jeden z&nbsp;najwa\u017cniejszych instrument\u00f3w determinuj\u0105cych rozw\u00f3j &#8211; zw\u0142aszcza na p\u0142aszczy\u017anie gospodarczej. Zadania, jakie wype\u0142nia czy powinna wype\u0142nia\u0107 gmina, s\u0105 precyzyjnie opisane w&nbsp;przepisach prawa i w zasadzie ich przestrzeganie mog\u0142oby wystarczy\u0107 do poprawnego funkcjonowania gminy. Jednak Strategia Inwestycyjna pozwala gminie dzia\u0142a\u0107 efektywniej. Jest wa\u017cnym elementem komunikacji wewn\u0119trznej organizacji, tj. sposobem komunikowania cz\u0142onkom tej organizacji perspektywicznych plan\u00f3w, cel\u00f3w, zamierze\u0144. Z&nbsp;drugiej strony, jest elementem komunikacji zewn\u0119trznej, tj. sygnalizowania klientom czego mog\u0105 oczekiwa\u0107 i&nbsp;spodziewa\u0107 si\u0119 ze strony organizacji, a co za tym idzie, stwarza ona klientom szans\u0119 uwzgl\u0119dniania tych plan\u00f3w we w\u0142asnej dzia\u0142alno\u015bci. W&nbsp;szczeg\u00f3lno\u015bci jest to wa\u017cne dla prowadzenia biznesu, jak r\u00f3wnie\u017c do podejmowania wa\u017cnych decyzji \u017cyciowych, zwi\u0105zanych z&nbsp;osiedleniem si\u0119, budow\u0105 domu itd.<\/p>\n\n\n\n<p>Strategia Inwestycyjna nie obejmuje wszystkich dzia\u0142a\u0144 i aktywno\u015bci, kt\u00f3re podejmuje gmina, gdy\u017c te opisywane s\u0105 szczeg\u00f3\u0142owo przez przepisy prawa. Wskazuje ona g\u0142\u00f3wne kierunki dzia\u0142a\u0144, kt\u00f3re pozwol\u0105 cz\u0142onkom organizacji, np. Gminom Miejskiego Obszaru Funkcjonalnego uzyska\u0107 przewag\u0119 strategiczn\u0105 nad konkurentami w zakresie \u015bwiadczonych us\u0142ug. Jednostki samorz\u0105du terytorialnego, podobnie jak przedsi\u0119biorstwa us\u0142ugowe, konkuruj\u0105 bowiem ze sob\u0105 o klienta, kt\u00f3rym jest inwestor lub mieszkaniec, kt\u00f3ry korzysta ze \u015bwiadczonych przez nie us\u0142ug publicznych, a&nbsp;postanawiaj\u0105c si\u0119 osiedli\u0107 na sta\u0142e na terenie gminy czy powiatu, zasila bud\u017cet tej jednostki cz\u0119\u015bci\u0105 swego podatku<\/p>\n\n\n\n<p>Strategia inwestycyjna dedykowana dla Miejskiego Obszaru Funkcjonalnego wskazuje g\u0142\u00f3wne kierunki rozwoju, dzia\u0142ania, kt\u00f3re nale\u017cy podj\u0105\u0107, aby wzmocni\u0107 swoj\u0105 pozycj\u0119. Cele, kt\u00f3re nale\u017cy osi\u0105gn\u0105\u0107, aby ten rozw\u00f3j nast\u0119powa\u0142 w optymalnym tempie z&nbsp;korzy\u015bci\u0105 tak dla gmin,jak i dla ich mieszka\u0144c\u00f3w.<\/p>\n\n\n\n<p>Jednym z g\u0142\u00f3wnych kierunk\u00f3w polityki przestrzennej gmin jest zach\u0119canie oraz udost\u0119pnianie przestrzeni pod r\u00f3\u017cnego rodzaju inwestycje. Stwarza to szanse na rozw\u00f3j gospodarczy gmin i podniesienie poziomu \u017cycia mieszka\u0144c\u00f3w. W ramach konsultacji spo\u0142ecznych prowadzonych w trakcie opracowywania Program\u00f3w Rewitalizacji uczestnicy przedstawiali w\u0142asne propozycje dotycz\u0105ce przedsi\u0119wzi\u0119\u0107\/ inwestycji\/ projekt\u00f3w inwestycyjnych i spo\u0142ecznych, kt\u00f3re nale\u017ca\u0142oby zrealizowa\u0107.<\/p>\n\n\n\n<p><strong><u>ETAPY KONCEPCJI<\/u><\/strong><\/p>\n\n\n\n<p><strong><u>ETAP \u201e0\u201d \u2013 INKUBATORY &#8211; WSPARCIE ROZWOJU PRZEDSI\u0118BIORCZO\u015aCI NA TERENIE MOF JAROS\u0141AW- PRZEWORSK<\/u><\/strong><\/p>\n\n\n\n<p>Cel: Lepsze warunki do rozwoju M\u015aP poprzez stworzenie inkubatora przedsi\u0119biorczo\u015bci w&nbsp;oparciu o&nbsp;podkarpack\u0105 strategi\u0119 inteligentnej specjalizacji&nbsp; \u2013 jako\u015b\u0107 \u017cycia i IT<\/p>\n\n\n\n<p>Zakres:<\/p>\n\n\n\n<p>\u00b7&nbsp;&nbsp;&nbsp;&nbsp;&nbsp;&nbsp;&nbsp;&nbsp; przygotowanie i wdro\u017cenie koncepcji dzia\u0142alno\u015bci instytucji, odpowiedzialnej za zarz\u0105dzanie i logistyk\u0119 strefy aktywno\u015bci gospodarczej skupiaj\u0105cej przedsi\u0119biorc\u00f3w z&nbsp;obszaru MOF i inwestor\u00f3w zewn\u0119trznych w oparciu o strategi\u0119 biznesow\u0105 wykorzystania infrastruktury planowanej do sfinansowania w ramach projektu Dzia\u0142anie 1.3 Inkubatory przedsi\u0119biorczo\u015bci,<\/p>\n\n\n\n<p>\u00b7&nbsp;&nbsp;&nbsp;&nbsp;&nbsp;&nbsp;&nbsp;&nbsp; stworzenie platformy internetowej inkubatora i przysz\u0142ej Strefy Aktywno\u015bci Gospodarczej,<\/p>\n\n\n\n<p>\u00b7&nbsp;&nbsp;&nbsp;&nbsp;&nbsp;&nbsp;&nbsp;&nbsp; prace inwestycyjne dotycz\u0105ce wyznaczonej infrastruktury,<\/p>\n\n\n\n<p>\u00b7&nbsp;&nbsp;&nbsp;&nbsp;&nbsp;&nbsp;&nbsp;&nbsp; partnerstwo z Powiatowymi Urz\u0119dami Pracy w Jaros\u0142awiu i Przeworsku &#8211; potencja\u0142 doradczy i znajomo\u015b\u0107 specyfiki rynku pracy (pracodawc\u00f3w i pracownik\u00f3w),<\/p>\n\n\n\n<p>\u00b7&nbsp;&nbsp;&nbsp;&nbsp;&nbsp;&nbsp;&nbsp;&nbsp; partnerstwo z Pa\u0144stwow\u0105 Wy\u017csz\u0105 Szko\u0142\u0105 Techniczno-Ekonomiczn\u0105 w Jaros\u0142awiu \u2013 potencja\u0142 naukowy (osobowy, techniczny), mo\u017cliwo\u015b\u0107 skorzystania z zaplecza dydaktycznego w zakresie nowoczesnych technologii (nowe laboratoria),<\/p>\n\n\n\n<p>\u00b7&nbsp;&nbsp;&nbsp;&nbsp;&nbsp;&nbsp;&nbsp;&nbsp; przygotowanie oferty inkubatora,<\/p>\n\n\n\n<p>\u00b7&nbsp;&nbsp;&nbsp;&nbsp;&nbsp;&nbsp;&nbsp;&nbsp; opracowanie za\u0142o\u017ce\u0144 promocji instytucji.<\/p>\n\n\n\n<p>Partnerstwo:<\/p>\n\n\n\n<p>\u00b7&nbsp;&nbsp;&nbsp;&nbsp;&nbsp;&nbsp;&nbsp;&nbsp; Gmina Miejska Jaros\u0142aw,<\/p>\n\n\n\n<p>\u00b7&nbsp;&nbsp;&nbsp;&nbsp;&nbsp;&nbsp;&nbsp;&nbsp; Gmina Miejska Przeworsk,<\/p>\n\n\n\n<p>\u00b7&nbsp;&nbsp;&nbsp;&nbsp;&nbsp;&nbsp;&nbsp;&nbsp; Gmina Przeworsk,<\/p>\n\n\n\n<p>\u00b7&nbsp;&nbsp;&nbsp;&nbsp;&nbsp;&nbsp;&nbsp;&nbsp; Gmina Paw\u0142osi\u00f3w,<\/p>\n\n\n\n<p>\u00b7&nbsp;&nbsp;&nbsp;&nbsp;&nbsp;&nbsp;&nbsp;&nbsp; PUP Jaros\u0142aw,<\/p>\n\n\n\n<p>\u00b7&nbsp;&nbsp;&nbsp;&nbsp;&nbsp;&nbsp;&nbsp;&nbsp; PUP Przeworsk,<\/p>\n\n\n\n<p>\u00b7&nbsp;&nbsp;&nbsp;&nbsp;&nbsp;&nbsp;&nbsp;&nbsp; Szko\u0142a PWSTE w Jaros\u0142awiu.<\/p>\n\n\n\n<p>Zasoby:<\/p>\n\n\n\n<p>\u00b7&nbsp;&nbsp;&nbsp;&nbsp;&nbsp;&nbsp;&nbsp;&nbsp; Lokalizacja: Jaros\u0142aw,<\/p>\n\n\n\n<p>\u00b7&nbsp;&nbsp;&nbsp;&nbsp;&nbsp;&nbsp;&nbsp;&nbsp; Finansowanie: Dzia\u0142anie 1.3 Promowanie przedsi\u0119biorczo\u015bci.<\/p>\n\n\n\n<p><strong><u>ETAP \u201e1\u201d \u2013 KONFERENCJA INAUGURUJACA POWSTANIE STREFY MOF JAROS\u0141AW-PRZEWORSK WRAZ Z TARGAMI INWESTYCYJNO-WYSTAWIENNICZYMI<\/u><\/strong><\/p>\n\n\n\n<p>Cel: Promocja teren\u00f3w inwestycyjnych Gmin MOF Jaros\u0142aw-Przeworsk<\/p>\n\n\n\n<p>Zakres: Organizacja konferencji z udzia\u0142em w\u0142adz samorz\u0105dowych, przedsi\u0119biorc\u00f3w lokalnych i&nbsp;inwestor\u00f3w zewn\u0119trznych po\u0142\u0105czona z 3-dniowymi targami inwestycyjno-wystawienniczymi, w trakcie kt\u00f3rych zaprezentowane zostan\u0105 tereny inwestycyjne (w formie wycieczki inwestycyjnej) oraz potencja\u0142 lokalnych i zewn\u0119trznych przedsi\u0119biorc\u00f3w<\/p>\n\n\n\n<p>Partnerstwo:<\/p>\n\n\n\n<p>\u00b7&nbsp;&nbsp;&nbsp;&nbsp;&nbsp;&nbsp;&nbsp;&nbsp; Gmina Miejska Jaros\u0142aw,<\/p>\n\n\n\n<p>\u00b7&nbsp;&nbsp;&nbsp;&nbsp;&nbsp;&nbsp;&nbsp;&nbsp; Gmina Miejska Przeworsk,<\/p>\n\n\n\n<p>\u00b7&nbsp;&nbsp;&nbsp;&nbsp;&nbsp;&nbsp;&nbsp;&nbsp; Gmina Przeworsk,<\/p>\n\n\n\n<p>\u00b7&nbsp;&nbsp;&nbsp;&nbsp;&nbsp;&nbsp;&nbsp;&nbsp; Gmina Paw\u0142osi\u00f3w,<\/p>\n\n\n\n<p>\u00b7&nbsp;&nbsp;&nbsp;&nbsp;&nbsp;&nbsp;&nbsp;&nbsp; zainteresowane pozosta\u0142e w\u0142adze samorz\u0105dowe,<\/p>\n\n\n\n<p>\u00b7&nbsp;&nbsp;&nbsp;&nbsp;&nbsp;&nbsp;&nbsp;&nbsp; Pa\u0144stwowa Wy\u017csza Szko\u0142a Techniczno-Ekonomiczna w Jaros\u0142awiu,<\/p>\n\n\n\n<p>\u00b7&nbsp;&nbsp;&nbsp;&nbsp;&nbsp;&nbsp;&nbsp;&nbsp; przedsi\u0119biorcy,<\/p>\n\n\n\n<p>\u00b7&nbsp;&nbsp;&nbsp;&nbsp;&nbsp;&nbsp;&nbsp;&nbsp; inwestorzy.<\/p>\n\n\n\n<p>Zasoby:<\/p>\n\n\n\n<p>\u00b7&nbsp;&nbsp;&nbsp;&nbsp;&nbsp;&nbsp;&nbsp;&nbsp; Lokalizacja:<\/p>\n\n\n\n<p>o&nbsp;&nbsp; Gmina Miejska Jaros\u0142aw,<\/p>\n\n\n\n<p>o&nbsp;&nbsp; Gmina Miejska Przeworsk,<\/p>\n\n\n\n<p>o&nbsp;&nbsp; Gmina Przeworsk,<\/p>\n\n\n\n<p>o&nbsp;&nbsp; Gmina Paw\u0142osi\u00f3w,<\/p>\n\n\n\n<p>\u00b7&nbsp;&nbsp;&nbsp;&nbsp;&nbsp;&nbsp;&nbsp;&nbsp; Finansowanie: wk\u0142ad w\u0142asny oraz sponsorzy.<\/p>\n\n\n\n<p><strong><u>ETAP \u201e2\u201d \u2013 REWITALIZACJA &#8211; HOLISTYCZNA REWITALIZACJA NA TERENIE MOF JAROS\u0141AW \u2013 PRZEWORSK<\/u><\/strong><\/p>\n\n\n\n<p>Cel: Ograniczenie problem\u00f3w spo\u0142ecznych na terenach zdegradowanych poprzez holistyczn\u0105 rewitalizacj\u0119 na terenach Gmin MOF Jaros\u0142aw-Przeworsk<\/p>\n\n\n\n<p>Zakres: budowa, przebudowa, rozbudowa, nadbudowa, remont obiekt\u00f3w, w celu przywr\u00f3cenia i\/lub nadania nowych funkcji spo\u0142ecznych, gospodarczych, edukacyjnych, kulturalnych, sportowych, turystycznych lub rekreacyjnych (zakup namiot\u00f3w wystawienniczych)<br>Partnerstwo:<\/p>\n\n\n\n<p>\u00b7&nbsp;&nbsp;&nbsp;&nbsp;&nbsp;&nbsp;&nbsp;&nbsp; Gmina Miejska Jaros\u0142aw,<\/p>\n\n\n\n<p>\u00b7&nbsp;&nbsp;&nbsp;&nbsp;&nbsp;&nbsp;&nbsp;&nbsp; Gmina Miejska Przeworsk,<\/p>\n\n\n\n<p>\u00b7&nbsp;&nbsp;&nbsp;&nbsp;&nbsp;&nbsp;&nbsp;&nbsp; Gmina Przeworsk,<\/p>\n\n\n\n<p>\u00b7&nbsp;&nbsp;&nbsp;&nbsp;&nbsp;&nbsp;&nbsp;&nbsp; Gmina Paw\u0142osi\u00f3w.<\/p>\n\n\n\n<p>Zasoby:<\/p>\n\n\n\n<p>\u00b7&nbsp;&nbsp;&nbsp;&nbsp;&nbsp;&nbsp;&nbsp;&nbsp; Lokalizacja:<\/p>\n\n\n\n<p>o&nbsp;&nbsp; Gmina Miejska Jaros\u0142aw,<\/p>\n\n\n\n<p>o&nbsp;&nbsp; Gmina Miejska Przeworsk,<\/p>\n\n\n\n<p>o&nbsp;&nbsp; Gmina Przeworsk,<\/p>\n\n\n\n<p>o&nbsp;&nbsp; Gmina Paw\u0142osi\u00f3w,<\/p>\n\n\n\n<p>\u00b7&nbsp;&nbsp;&nbsp;&nbsp;&nbsp;&nbsp;&nbsp;&nbsp; Programy rewitalizacji ka\u017cdej z Gmin,<\/p>\n\n\n\n<p>\u00b7&nbsp;&nbsp;&nbsp;&nbsp;&nbsp;&nbsp;&nbsp;&nbsp; Finansowanie: Dzia\u0142anie 6.3 Rewitalizacja przestrzeni regionalnej.<\/p>\n\n\n\n<p><strong><u>ETAP \u201e3\u201d \u2013 STREFA AKTYWNO\u015aCI GOSPODARCZEJ \u2013 POTENCJA\u0141 INWESTYCYJNY TEREN\u00d3W STREFY MOF JAROS\u0141AW- PRZEWORSK<\/u><\/strong><\/p>\n\n\n\n<p>Cel: Lepsze warunki do rozwoju M\u015aP poprzez stworzenie Strefy Aktywno\u015bci Gospodarczej w&nbsp;oparciu o&nbsp;podkarpackie inteligentne specjalizacje \u2013 jako\u015b\u0107 \u017cycia i IT (w tym kultura, medycyna, informatyka i ekologia)<\/p>\n\n\n\n<p>Zakres:<\/p>\n\n\n\n<p>\u00b7&nbsp;&nbsp;&nbsp;&nbsp;&nbsp;&nbsp;&nbsp;&nbsp; przygotowanie strefy aktywno\u015bci gospodarczej (teren\u00f3w inwestycyjnych) tj. wyodr\u0119bnionych do inwestycji obszar\u00f3w, przygotowanych w celu nadania im funkcji gospodarczych (aktywizacji gospodarczej), sprzyjaj\u0105cych lokalizowaniu nowych inwestycji i przyci\u0105ganiu inwestor\u00f3w, stanowi\u0105cych lokalne centrum rozwoju gospodarczego i utworzonych w celu realizacji lokalnych kierunk\u00f3w rozwoju,<\/p>\n\n\n\n<p>\u00b7&nbsp;&nbsp;&nbsp;&nbsp;&nbsp;&nbsp;&nbsp;&nbsp; uporz\u0105dkowanie i przygotowanie teren\u00f3w przeznaczonych na inwestycje, w&nbsp;szczeg\u00f3lno\u015bci prace studyjno-koncepcyjne, badania geotechniczne, kompleksowe wyposa\u017cenie w media, modernizacja wewn\u0119trznej infrastruktury komunikacyjnej,<\/p>\n\n\n\n<p>\u00b7&nbsp;&nbsp;&nbsp;&nbsp;&nbsp;&nbsp;&nbsp;&nbsp; stworzenie planu skomunikowania terenu z istniej\u0105cymi drogami publicznymi i\/lub wewn\u0119trznymi og\u00f3lnodost\u0119pnymi,<\/p>\n\n\n\n<p>o&nbsp;&nbsp; teren inwestycyjny musi by\u0107 przeznaczony pod dzia\u0142alno\u015b\u0107 gospodarcz\u0105 w&nbsp;planie zagospodarowania przestrzennego lub studium uwarunkowa\u0144 i&nbsp;kierunk\u00f3w zagospodarowania przestrzennego,<\/p>\n\n\n\n<p>o&nbsp;&nbsp; gdy teren inwestycyjny b\u0119dzie si\u0119 sk\u0142ada\u0107 z kilku cz\u0119\u015bci, tzn. b\u0119dzie zlokalizowany w kilku miejscach gminy\/powiatu, minimalna powierzchnia ka\u017cdej z cz\u0119\u015bci nie mo\u017ce by\u0107 mniejsza ni\u017c 2 ha,<\/p>\n\n\n\n<p>\u00b7&nbsp;&nbsp;&nbsp;&nbsp;&nbsp;&nbsp;&nbsp;&nbsp; w ramach projektu wdro\u017cenie I etapu (inwestycyjnego) tworzenia SAG \u2013 ka\u017cda z Gmin na w\u0142asnym terenie rozpocznie prace przygotowawcze w terenie \u2013 ca\u0142o\u015b\u0107 inwestycji ok. 10 mln.<\/p>\n\n\n\n<p>Partnerstwo:<\/p>\n\n\n\n<p>\u00b7&nbsp;&nbsp;&nbsp;&nbsp;&nbsp;&nbsp;&nbsp;&nbsp; Gmina Miejska Jaros\u0142aw,<\/p>\n\n\n\n<p>\u00b7&nbsp;&nbsp;&nbsp;&nbsp;&nbsp;&nbsp;&nbsp;&nbsp; Gmina Miejska Przeworsk,<\/p>\n\n\n\n<p>\u00b7&nbsp;&nbsp;&nbsp;&nbsp;&nbsp;&nbsp;&nbsp;&nbsp; Gmina Przeworsk,<\/p>\n\n\n\n<p>\u00b7&nbsp;&nbsp;&nbsp;&nbsp;&nbsp;&nbsp;&nbsp;&nbsp; Gmina Paw\u0142osi\u00f3w.<\/p>\n\n\n\n<p>Zasoby:<\/p>\n\n\n\n<p>\u00b7&nbsp;&nbsp;&nbsp;&nbsp;&nbsp;&nbsp;&nbsp;&nbsp; Lokalizacja:<\/p>\n\n\n\n<p>o&nbsp;&nbsp; Gmina Miejska Jaros\u0142aw (ok 15 ha),<\/p>\n\n\n\n<p>o&nbsp;&nbsp; Gmina Miejska Przeworsk (ok 15 ha),<\/p>\n\n\n\n<p>o&nbsp;&nbsp; Gmina Przeworsk (ok 17 ha),<\/p>\n\n\n\n<p>o&nbsp;&nbsp; Gmina Paw\u0142osi\u00f3w (ok 15 ha),<\/p>\n\n\n\n<p>\u00b7&nbsp;&nbsp;&nbsp;&nbsp;&nbsp;&nbsp;&nbsp;&nbsp; Oferta inwestycyjna \u2013 zagospodarowanie dla inwestor\u00f3w ok. 62 ha,<\/p>\n\n\n\n<p>\u00b7&nbsp;&nbsp;&nbsp;&nbsp;&nbsp;&nbsp;&nbsp;&nbsp; Finansowanie: Dzia\u0142anie 1.3 Promowanie przedsi\u0119biorczo\u015bci.<\/p>\n\n\n\n<p><strong><u>ETAP \u201e4\u201d \u2013 PARKI TECHNOLOGICZNE JAKO SPECJALIZACJE REGIONALNE<\/u><\/strong><\/p>\n\n\n\n<p>Cel: Stymulowanie wielofunkcyjnego rozwoju Wojew\u00f3dztwa Podkarpackiego w oparciu o idee innowacyjno\u015bci poprzez synergiczne wykorzystanie regionalnego potencja\u0142u tworz\u0105c instrument podnoszenia konkurencyjno\u015bci gospodarki, wdra\u017cania nowoczesnych rozwi\u0105za\u0144 oraz zarz\u0105dzania zasobami wiedzy i kapita\u0142u.<\/p>\n\n\n\n<p>Zakres:<\/p>\n\n\n\n<p>\u00b7&nbsp;&nbsp;&nbsp;&nbsp;&nbsp;&nbsp;&nbsp;&nbsp; przygotowanie i uruchomienie Podkarpackiego Parku Energii Odnawialnej i&nbsp;Technologii Energooszcz\u0119dnych,<\/p>\n\n\n\n<p>\u00b7&nbsp;&nbsp;&nbsp;&nbsp;&nbsp;&nbsp;&nbsp;&nbsp; przygotowanie i uruchomienie Podkarpackiego Parku Kulturowo-Turystycznego,<\/p>\n\n\n\n<p>\u00b7&nbsp;&nbsp;&nbsp;&nbsp;&nbsp;&nbsp;&nbsp;&nbsp; przygotowanie i uruchomienie Podkarpackiego Parku Nowoczesnych Technologii,<\/p>\n\n\n\n<p>\u00b7&nbsp;&nbsp;&nbsp;&nbsp;&nbsp;&nbsp;&nbsp;&nbsp; przygotowanie i uruchomienie Podkarpackiego Parku Medycznego,<\/p>\n\n\n\n<ul class=\"wp-block-list\"><li>wzmocnienie i wykorzystanie potencja\u0142u regionalnego sektora akademickiego i&nbsp;naukowo-badawczego dla rozwoju przedsi\u0119biorczo\u015bci i wzmocnienia konkurencyjno\u015bci przedsi\u0119biorstw dzia\u0142aj\u0105cych na lokalnym rynku,&nbsp;&nbsp;<\/li><li>efektywne zagospodarowanie wolnych obiekt\u00f3w i obszar\u00f3w oraz \u015bwiadczenie us\u0142ug pomocniczych podnosz\u0105c konkurencyjno\u015b\u0107 i innowacyjno\u015b\u0107 przedsi\u0119biorc\u00f3w,<\/li><li>rozw\u00f3j infrastruktury aktywizuj\u0105cej lokaln\u0105 i regionaln\u0105 przedsi\u0119biorczo\u015b\u0107 poprzez budowanie sieci przedsi\u0119biorc\u00f3w \u015bwiadcz\u0105cych us\u0142ugi kooperacyjne i pomocnicze oraz wykonuj\u0105cych produkty i us\u0142ugi komplementarne,<\/li><\/ul>\n\n\n\n<p>\u00b7&nbsp;&nbsp;&nbsp;&nbsp;&nbsp;&nbsp;&nbsp;&nbsp; pomoc przedsi\u0119biorcom w pozyskiwaniu \u015brodk\u00f3w finansowych, w tym pomocowych z&nbsp;UE oraz aktywna promocja i lobbing.<\/p>\n\n\n\n<p>Partnerstwo:<\/p>\n\n\n\n<p>\u00b7&nbsp;&nbsp;&nbsp;&nbsp;&nbsp;&nbsp;&nbsp;&nbsp; Gmina Miejska Jaros\u0142aw,<\/p>\n\n\n\n<p>\u00b7&nbsp;&nbsp;&nbsp;&nbsp;&nbsp;&nbsp;&nbsp;&nbsp; Gmina Miejska Przeworsk,<\/p>\n\n\n\n<p>\u00b7&nbsp;&nbsp;&nbsp;&nbsp;&nbsp;&nbsp;&nbsp;&nbsp; Gmina Przeworsk,<\/p>\n\n\n\n<p>&nbsp;\u00b7&nbsp;&nbsp;&nbsp;&nbsp;&nbsp;&nbsp;&nbsp;&nbsp; Gmina Paw\u0142osi\u00f3w,<\/p>\n\n\n\n<p>\u00b7&nbsp;&nbsp;&nbsp;&nbsp;&nbsp;&nbsp;&nbsp;&nbsp; zainteresowane pozosta\u0142e w\u0142adze samorz\u0105dowe,<\/p>\n\n\n\n<p>\u00b7&nbsp;&nbsp;&nbsp;&nbsp;&nbsp;&nbsp;&nbsp;&nbsp; Sp\u00f3\u0142ki gminne,<\/p>\n\n\n\n<p>\u00b7&nbsp;&nbsp;&nbsp;&nbsp;&nbsp;&nbsp;&nbsp;&nbsp; Pa\u0144stwowa Wy\u017csza Szko\u0142a Techniczno-Ekonomiczna w Jaros\u0142awiu,<\/p>\n\n\n\n<p>\u00b7&nbsp;&nbsp;&nbsp;&nbsp;&nbsp;&nbsp;&nbsp;&nbsp; przedsi\u0119biorcy,<\/p>\n\n\n\n<p>\u00b7&nbsp;&nbsp;&nbsp;&nbsp;&nbsp;&nbsp;&nbsp;&nbsp; inwestorzy.<\/p>\n\n\n\n<p>Zasoby:<\/p>\n\n\n\n<p>\u00b7&nbsp;&nbsp;&nbsp;&nbsp;&nbsp;&nbsp;&nbsp;&nbsp; Lokalizacja:<\/p>\n\n\n\n<p>o&nbsp;&nbsp; Gmina Miejska Jaros\u0142aw (Strefa MOF Jaros\u0142aw-Przeworsk),<\/p>\n\n\n\n<p>o&nbsp;&nbsp; Gmina Miejska Przeworsk (Strefa MOF Jaros\u0142aw-Przeworsk),<\/p>\n\n\n\n<p>o&nbsp;&nbsp; Gmina Przeworsk (Strefa MOF Jaros\u0142aw-Przeworsk),<\/p>\n\n\n\n<p>o&nbsp;&nbsp; Gmina Paw\u0142osi\u00f3w (Strefa MOF Jaros\u0142aw-Przeworsk),<\/p>\n\n\n\n<p>\u00b7&nbsp;&nbsp;&nbsp;&nbsp;&nbsp;&nbsp;&nbsp;&nbsp; Oferta inwestycyjna Strefy MOF Jaros\u0142aw-Przeworsk,<\/p>\n\n\n\n<p>\u00b7&nbsp;&nbsp;&nbsp;&nbsp;&nbsp;&nbsp;&nbsp;&nbsp; zasoby ludzkie i techniczne,<\/p>\n\n\n\n<p>\u00b7&nbsp;&nbsp;&nbsp;&nbsp;&nbsp;&nbsp;&nbsp;&nbsp; pozyskani inwestorzy.<\/p>\n","protected":false},"excerpt":{"rendered":"<p>DROGA ROZWOJU GMIN KONCEPCJA ETAPOWEGO PRZEDSI\u0118WZI\u0118CIA 5+ \u201eSTREFA MOF JAROS\u0141AW-PRZEWORSK\u201d Dla ka\u017cdej z jednostek samorz\u0105du terytorialnego strategia inwestycyjna to jeden z&nbsp;najwa\u017cniejszych instrument\u00f3w determinuj\u0105cych rozw\u00f3j &#8211; zw\u0142aszcza na p\u0142aszczy\u017anie gospodarczej. Zadania, jakie wype\u0142nia czy powinna wype\u0142nia\u0107 gmina, s\u0105 precyzyjnie opisane w&nbsp;przepisach prawa i w zasadzie ich przestrzeganie mog\u0142oby wystarczy\u0107 do poprawnego funkcjonowania gminy. Jednak Strategia Inwestycyjna&hellip; <a class=\"more-link\" href=\"https:\/\/fdk.org.pl\/?page_id=280\">Czytaj dalej <span class=\"screen-reader-text\">Strefa MOF Jaros\u0142aw-Przeworsk<\/span><\/a><\/p>\n","protected":false},"author":1,"featured_media":0,"parent":0,"menu_order":0,"comment_status":"closed","ping_status":"closed","template":"","meta":{"footnotes":""},"class_list":["post-280","page","type-page","status-publish","hentry","entry"],"aioseo_notices":[],"_links":{"self":[{"href":"https:\/\/fdk.org.pl\/index.php?rest_route=\/wp\/v2\/pages\/280","targetHints":{"allow":["GET"]}}],"collection":[{"href":"https:\/\/fdk.org.pl\/index.php?rest_route=\/wp\/v2\/pages"}],"about":[{"href":"https:\/\/fdk.org.pl\/index.php?rest_route=\/wp\/v2\/types\/page"}],"author":[{"embeddable":true,"href":"https:\/\/fdk.org.pl\/index.php?rest_route=\/wp\/v2\/users\/1"}],"replies":[{"embeddable":true,"href":"https:\/\/fdk.org.pl\/index.php?rest_route=%2Fwp%2Fv2%2Fcomments&post=280"}],"version-history":[{"count":1,"href":"https:\/\/fdk.org.pl\/index.php?rest_route=\/wp\/v2\/pages\/280\/revisions"}],"predecessor-version":[{"id":281,"href":"https:\/\/fdk.org.pl\/index.php?rest_route=\/wp\/v2\/pages\/280\/revisions\/281"}],"wp:attachment":[{"href":"https:\/\/fdk.org.pl\/index.php?rest_route=%2Fwp%2Fv2%2Fmedia&parent=280"}],"curies":[{"name":"wp","href":"https:\/\/api.w.org\/{rel}","templated":true}]}}