



{"id":282,"date":"2022-06-12T04:45:20","date_gmt":"2022-06-12T04:45:20","guid":{"rendered":"http:\/\/fdk.org.pl:443\/?page_id=282"},"modified":"2023-03-19T05:05:25","modified_gmt":"2023-03-19T05:05:25","slug":"via-reginae","status":"publish","type":"page","link":"https:\/\/fdk.org.pl\/?page_id=282","title":{"rendered":"Via Reginae"},"content":{"rendered":"\n<figure class=\"wp-block-embed is-type-video is-provider-youtube wp-block-embed-youtube wp-embed-aspect-16-9 wp-has-aspect-ratio\"><div class=\"wp-block-embed__wrapper\">\n<iframe loading=\"lazy\" title=\"Zbigniew Mo\u017cd\u017ce\u0144 - Via Regia Via Reginae\" width=\"750\" height=\"422\" src=\"https:\/\/www.youtube.com\/embed\/NQlawzvXN7E?feature=oembed\" frameborder=\"0\" allow=\"accelerometer; autoplay; clipboard-write; encrypted-media; gyroscope; picture-in-picture; web-share\" allowfullscreen><\/iframe>\n<\/div><\/figure>\n\n\n\n<p class=\"wp-embed-aspect-16-9 wp-has-aspect-ratio\"><a href=\"https:\/\/youtu.be\/NQlawzvXN7E\">https:\/\/youtu.be\/NQlawzvXN7E<\/a><\/p>\n\n\n\n<p><strong>PROJEKT \u201eVIA REGINAE\u201d<\/strong><\/p>\n\n\n\n<p><strong>G\u0142\u00f3wnym celem<\/strong> jest rozw\u00f3j Szlaku \u201eVia Reginae\u201d \u2013 markowego produktu kulturowo-turystycznego opartego na wschodnich i zachodnich tradycjach chrze\u015bcija\u0144skich. Cel przyczyni si\u0119 do zwi\u0119kszenia poziomu zr\u00f3wnowa\u017conego wykorzystania dziedzictwa kulturowego przez odwiedzaj\u0105cych i mieszka\u0144c\u00f3w. Du\u017ca skala projektu przyci\u0105gnie wiele zainteresowanych podmiot\u00f3w i przyczyni si\u0119 do rozwoju wsp\u00f3\u0142czesnej kultury i turystyki kwalifikowanej.<\/p>\n\n\n\n<p><strong>Cele szczeg\u00f3\u0142owe:<\/strong><\/p>\n\n\n\n<ul class=\"wp-block-list\">\n<li>rozw\u00f3j i poprawa stanu infrastruktury dla turystyki kwalifikowanej, w tym dla turyst\u00f3w zmotoryzowanych, z zachowaniem warto\u015bci przyrodniczych i krajobrazowych;<\/li>\n\n\n\n<li>poprawa dost\u0119pno\u015bci do kultury &#8211; tj. w wymiarze fizycznym udost\u0119pnienie nowych powierzchni do prowadzenia dzia\u0142alno\u015bci kulturalnej, jak r\u00f3wnie\u017c budowanie \u015bwiadomo\u015bci i&nbsp;rozw\u00f3j edukacji kulturalnej i artystycznej;<\/li>\n\n\n\n<li>zachowanie dziedzictwa (materialnego i niematerialnego) dla przysz\u0142ych pokole\u0144;<\/li>\n\n\n\n<li>umo\u017cliwienie nowych form uczestnictwa w kulturze jako warto\u015b\u0107 w ramach wzrostu kompetencji kulturowych spo\u0142ecze\u0144stwa;<\/li>\n\n\n\n<li>tworzenie warunk\u00f3w do rozwoju konkurencyjnej oferty kulturalnej odpowiadaj\u0105cej na nowe potrzeby w obszarze dzia\u0142alno\u015bci kulturalnej wynikaj\u0105ce z rozwoju technicznego oraz przemian spo\u0142ecznych we wsp\u00f3\u0142czesnej gospodarce;<\/li>\n\n\n\n<li>podniesienie atrakcyjno\u015bci turystycznej kraju i regionu.<\/li>\n<\/ul>\n","protected":false},"excerpt":{"rendered":"<p>https:\/\/youtu.be\/NQlawzvXN7E PROJEKT \u201eVIA REGINAE\u201d G\u0142\u00f3wnym celem jest rozw\u00f3j Szlaku \u201eVia Reginae\u201d \u2013 markowego produktu kulturowo-turystycznego opartego na wschodnich i zachodnich tradycjach chrze\u015bcija\u0144skich. Cel przyczyni si\u0119 do zwi\u0119kszenia poziomu zr\u00f3wnowa\u017conego wykorzystania dziedzictwa kulturowego przez odwiedzaj\u0105cych i mieszka\u0144c\u00f3w. Du\u017ca skala projektu przyci\u0105gnie wiele zainteresowanych podmiot\u00f3w i przyczyni si\u0119 do rozwoju wsp\u00f3\u0142czesnej kultury i turystyki kwalifikowanej. Cele szczeg\u00f3\u0142owe:<\/p>\n","protected":false},"author":1,"featured_media":0,"parent":0,"menu_order":0,"comment_status":"closed","ping_status":"closed","template":"","meta":{"footnotes":""},"class_list":["post-282","page","type-page","status-publish","hentry","entry"],"aioseo_notices":[],"_links":{"self":[{"href":"https:\/\/fdk.org.pl\/index.php?rest_route=\/wp\/v2\/pages\/282","targetHints":{"allow":["GET"]}}],"collection":[{"href":"https:\/\/fdk.org.pl\/index.php?rest_route=\/wp\/v2\/pages"}],"about":[{"href":"https:\/\/fdk.org.pl\/index.php?rest_route=\/wp\/v2\/types\/page"}],"author":[{"embeddable":true,"href":"https:\/\/fdk.org.pl\/index.php?rest_route=\/wp\/v2\/users\/1"}],"replies":[{"embeddable":true,"href":"https:\/\/fdk.org.pl\/index.php?rest_route=%2Fwp%2Fv2%2Fcomments&post=282"}],"version-history":[{"count":3,"href":"https:\/\/fdk.org.pl\/index.php?rest_route=\/wp\/v2\/pages\/282\/revisions"}],"predecessor-version":[{"id":597,"href":"https:\/\/fdk.org.pl\/index.php?rest_route=\/wp\/v2\/pages\/282\/revisions\/597"}],"wp:attachment":[{"href":"https:\/\/fdk.org.pl\/index.php?rest_route=%2Fwp%2Fv2%2Fmedia&parent=282"}],"curies":[{"name":"wp","href":"https:\/\/api.w.org\/{rel}","templated":true}]}}