



{"id":284,"date":"2022-06-12T04:46:06","date_gmt":"2022-06-12T04:46:06","guid":{"rendered":"http:\/\/fdk.org.pl:443\/?page_id=284"},"modified":"2023-03-19T05:06:13","modified_gmt":"2023-03-19T05:06:13","slug":"via-jagiellonica","status":"publish","type":"page","link":"https:\/\/fdk.org.pl\/?page_id=284","title":{"rendered":"Via Jagiellonica"},"content":{"rendered":"\n<figure class=\"wp-block-embed is-type-video is-provider-youtube wp-block-embed-youtube wp-embed-aspect-16-9 wp-has-aspect-ratio\"><div class=\"wp-block-embed__wrapper\">\n<iframe loading=\"lazy\" title=\"Miron Mo\u017cd\u017ce\u0144 - Europa Jagiellon\u00f3w Via Jagiellonica\" width=\"750\" height=\"422\" src=\"https:\/\/www.youtube.com\/embed\/C-2Hb1id1Io?feature=oembed\" frameborder=\"0\" allow=\"accelerometer; autoplay; clipboard-write; encrypted-media; gyroscope; picture-in-picture; web-share\" allowfullscreen><\/iframe>\n<\/div><\/figure>\n\n\n\n<p class=\"wp-embed-aspect-16-9 wp-has-aspect-ratio\"><a href=\"https:\/\/youtu.be\/C-2Hb1id1Io\">https:\/\/youtu.be\/C-2Hb1id1Io<\/a><\/p>\n\n\n\n<p><strong>PROJEKT \u201eEUROPA JAGIELLON\u00d3W \u2013 VIA JAGIELLONICA\u201d<\/strong><\/p>\n\n\n\n<p><strong>G\u0142\u00f3wnym celem<\/strong> jest zbudowanie europejskiego markowego produktu turystycznego, Europejskiego Szlaku Kulturowego Via Jagiellonica \u2013 w transgranicznych regionach Europy \u015arodkowej jako pilota\u017cowego projektu dla wszystkich innych kraj\u00f3w, region\u00f3w w oparciu o&nbsp;dziedzictwo materialne i&nbsp;niematerialne dynastii Jagiellon\u00f3w.Podstawowym przes\u0142aniem projektu jest marka \u201eVia Jagiellonica\u201d jako nowe narz\u0119dzie promocji, wsp\u00f3\u0142pracy mi\u0119dzynarodowej, integracji narod\u00f3w, kraj\u00f3w, miast i&nbsp;region\u00f3w.<\/p>\n\n\n\n<p><strong>Cele szczeg\u00f3\u0142owe<\/strong>:<\/p>\n\n\n\n<ul class=\"wp-block-list\">\n<li>wzmocnienia poczucia europejskiej uniwersalno\u015bci, jedno\u015bci kraj\u00f3w, region\u00f3w<br>a jednocze\u015bnie podkre\u015blenie ich odmienno\u015bci i wyj\u0105tkowo\u015bci, zw\u0142aszcza w sferze tradycji i&nbsp;kultury,<\/li>\n\n\n\n<li>szukanie \u015blad\u00f3w: dziedzictwa materialnego i niematerialnego dynastii Jagiellon\u00f3w, dok\u0142adna rejestracja i ocena potencja\u0142u kulturalno-turystycznego wzd\u0142u\u017c Szlaku&nbsp;Kulturowego Via Jagiellonica w rejonach projektu,<\/li>\n\n\n\n<li>rozw\u00f3j tras turystycznych wzd\u0142u\u017c wcze\u015bniej zdefiniowanych turystycznych \u201epunkt\u00f3w kotwicznych\u201d,<\/li>\n\n\n\n<li>efektywne wykorzystanie potencja\u0142u walor\u00f3w turystycznych zwi\u0105zanych ze&nbsp;Szlakiem&nbsp;Kulturowym Via Jagiellonica przy zachowaniu zasad zr\u00f3wnowa\u017conego rozwoju,<\/li>\n\n\n\n<li>wykreowanie mi\u0119dzynarodowej marki Europejskiego Szlaku Kulturowego Via&nbsp;Jagiellonica, kojarzonej z takimi benefitami, jak: zr\u00f3\u017cnicowana oferta turystyczna, mo\u017cliwo\u015b\u0107 poznania kultur, narodowo\u015bci, historii, wysoka jako\u015b\u0107 us\u0142ug, to\u017csamo\u015b\u0107 element\u00f3w sponsoruj\u0105cych,<\/li>\n\n\n\n<li>analiza wizerunku region\u00f3w (i kraj\u00f3w) wzd\u0142u\u017c Europejskiego Szlaku Kulturowego Via Jagiellonica jako podstawy strategii rozwoju produktu i wprowadzenia go na rynek zgodnie z popytem na niego,<\/li>\n\n\n\n<li>aktywizacja spo\u0142eczno\u015bci lokalnych wok\u00f3\u0142 idei budowy Szlaku,<\/li>\n\n\n\n<li>stworzenie sieci powi\u0105za\u0144 dzia\u0142aj\u0105cych na rzecz budowy i rozwoju Szlaku,<\/li>\n\n\n\n<li>rozpowszechnianie dobrego wykonania: przeniesienie najlepszych praktycznych do\u015bwiadcze\u0144 z&nbsp;wcze\u015bniejszych projekt\u00f3w na p\u0142aszczyzn\u0119 UE i mi\u0119dzynarodowej wsp\u00f3\u0142pracy dotycz\u0105cych tras tematycznych,<\/li>\n\n\n\n<li>implementacja nowych technologii komunikacji i informacji na Szlaku,<\/li>\n\n\n\n<li>rozw\u00f3j produkt\u00f3w turystycznych wykorzystuj\u0105cych mo\u017cliwo\u015bci medi\u00f3w komunikacyjnych, spo\u0142eczno\u015bciowych<\/li>\n<\/ul>\n","protected":false},"excerpt":{"rendered":"<p>https:\/\/youtu.be\/C-2Hb1id1Io PROJEKT \u201eEUROPA JAGIELLON\u00d3W \u2013 VIA JAGIELLONICA\u201d G\u0142\u00f3wnym celem jest zbudowanie europejskiego markowego produktu turystycznego, Europejskiego Szlaku Kulturowego Via Jagiellonica \u2013 w transgranicznych regionach Europy \u015arodkowej jako pilota\u017cowego projektu dla wszystkich innych kraj\u00f3w, region\u00f3w w oparciu o&nbsp;dziedzictwo materialne i&nbsp;niematerialne dynastii Jagiellon\u00f3w.Podstawowym przes\u0142aniem projektu jest marka \u201eVia Jagiellonica\u201d jako nowe narz\u0119dzie promocji, wsp\u00f3\u0142pracy mi\u0119dzynarodowej, integracji narod\u00f3w,&hellip; <a class=\"more-link\" href=\"https:\/\/fdk.org.pl\/?page_id=284\">Czytaj dalej <span class=\"screen-reader-text\">Via Jagiellonica<\/span><\/a><\/p>\n","protected":false},"author":1,"featured_media":0,"parent":0,"menu_order":0,"comment_status":"closed","ping_status":"closed","template":"","meta":{"footnotes":""},"class_list":["post-284","page","type-page","status-publish","hentry","entry"],"aioseo_notices":[],"_links":{"self":[{"href":"https:\/\/fdk.org.pl\/index.php?rest_route=\/wp\/v2\/pages\/284","targetHints":{"allow":["GET"]}}],"collection":[{"href":"https:\/\/fdk.org.pl\/index.php?rest_route=\/wp\/v2\/pages"}],"about":[{"href":"https:\/\/fdk.org.pl\/index.php?rest_route=\/wp\/v2\/types\/page"}],"author":[{"embeddable":true,"href":"https:\/\/fdk.org.pl\/index.php?rest_route=\/wp\/v2\/users\/1"}],"replies":[{"embeddable":true,"href":"https:\/\/fdk.org.pl\/index.php?rest_route=%2Fwp%2Fv2%2Fcomments&post=284"}],"version-history":[{"count":3,"href":"https:\/\/fdk.org.pl\/index.php?rest_route=\/wp\/v2\/pages\/284\/revisions"}],"predecessor-version":[{"id":598,"href":"https:\/\/fdk.org.pl\/index.php?rest_route=\/wp\/v2\/pages\/284\/revisions\/598"}],"wp:attachment":[{"href":"https:\/\/fdk.org.pl\/index.php?rest_route=%2Fwp%2Fv2%2Fmedia&parent=284"}],"curies":[{"name":"wp","href":"https:\/\/api.w.org\/{rel}","templated":true}]}}