



{"id":287,"date":"2022-06-12T04:48:09","date_gmt":"2022-06-12T04:48:09","guid":{"rendered":"http:\/\/fdk.org.pl:443\/?page_id=287"},"modified":"2023-03-19T05:08:37","modified_gmt":"2023-03-19T05:08:37","slug":"dioc-pl","status":"publish","type":"page","link":"https:\/\/fdk.org.pl\/?page_id=287","title":{"rendered":"DIOC.pl"},"content":{"rendered":"\n<figure class=\"wp-block-embed is-type-video is-provider-youtube wp-block-embed-youtube wp-embed-aspect-16-9 wp-has-aspect-ratio\"><div class=\"wp-block-embed__wrapper\">\n<iframe loading=\"lazy\" title=\"DIOC VR Promo HD\" width=\"750\" height=\"422\" src=\"https:\/\/www.youtube.com\/embed\/VgkiYgsS1tg?feature=oembed\" frameborder=\"0\" allow=\"accelerometer; autoplay; clipboard-write; encrypted-media; gyroscope; picture-in-picture; web-share\" allowfullscreen><\/iframe>\n<\/div><\/figure>\n\n\n\n<p class=\"wp-embed-aspect-16-9 wp-has-aspect-ratio\"><a href=\"https:\/\/youtu.be\/VgkiYgsS1tg\" target=\"_blank\" rel=\"noopener\" title=\"\">https:\/\/youtu.be\/VgkiYgsS1tg<\/a><\/p>\n\n\n\n<p><strong>PROJEKT \u201eDROGA INTEGRALNEJ ODNOWY CZ\u0141OWIEKA<\/strong><\/p>\n\n\n\n<p><strong>VIA REGINAE\u201d<\/strong><\/p>\n\n\n\n<p><strong>G\u0142\u00f3wnym celem<\/strong> jest zbudowanie nowego produktu \u2013 pieszego Szlaku \u201eDrogi integralnej Odnowy Cz\u0142owieka Via Reginae\u201d realizowanego w ramach Szlaku \u201eVia Reginae\u201d \u2013 markowego produktu kulturowo-turystycznego opartego na wschodnich i zachodnich tradycjach chrze\u015bcija\u0144skich. Cel przyczyni si\u0119 do zwi\u0119kszenia poziomu zr\u00f3wnowa\u017conego wykorzystania dziedzictwa kulturowego przez odwiedzaj\u0105cych i mieszka\u0144c\u00f3w. Du\u017ca skala projektu przyci\u0105gnie wiele zainteresowanych podmiot\u00f3w i&nbsp;przyczyni si\u0119 do rozwoju wsp\u00f3\u0142czesnej kultury.<\/p>\n\n\n\n<p><strong>Cele szczeg\u00f3\u0142owe:<\/strong><\/p>\n\n\n\n<ul class=\"wp-block-list\">\n<li>rozw\u00f3j, poprawa stanu i dost\u0119pno\u015bci infrastruktury dla turystyki kwalifikowanej, w tym dla turyst\u00f3w zmotoryzowanych, z zachowaniem warto\u015bci przyrodniczych i&nbsp;krajobrazowych;<\/li>\n\n\n\n<li>zachowanie dziedzictwa kulturowego (materialnego i niematerialnego) dla przysz\u0142ych pokole\u0144;<\/li>\n\n\n\n<li>umo\u017cliwienie nowych form uczestnictwa w kulturze jako warto\u015b\u0107 w ramach wzrostu kompetencji kulturowych spo\u0142ecze\u0144stwa,<\/li>\n\n\n\n<li>tworzenie warunk\u00f3w do rozwoju konkurencyjnej oferty kulturalnej odpowiadaj\u0105cej na nowe potrzeby w obszarze dzia\u0142alno\u015bci kulturalnej wynikaj\u0105ce z rozwoju technicznego oraz przemian spo\u0142ecznych we wsp\u00f3\u0142czesnej gospodarce;<\/li>\n\n\n\n<li>podniesienie atrakcyjno\u015bci turystycznej kraju i regionu.<\/li>\n<\/ul>\n\n\n\n<center><iframe loading=\"lazy\" class=\"instagram-media instagram-media-rendered\" id=\"instagram-embed-0\" src=\"https:\/\/www.instagram.com\/p\/BbhqVbsnC4Z\/embed\/captioned\/?cr=1&amp;v=7&amp;wp=822&amp;rd=http%3A%2F%2Ffdk.org.pl&amp;rp=%2Fodnowa.html#%7B%22ci%22%3A0%2C%22os%22%3A338%7D\" allowtransparency=\"true\" allowfullscreen=\"true\" data-instgrm-payload-id=\"instagram-media-payload-0\" scrolling=\"no\" style=\"background: white none repeat scroll 0% 50%; border-radius: 3px; border: 1px solid rgb(219, 219, 219); box-shadow: none; display: block; margin: 0px 0px 12px; padding: 0px;\" width=\"400px\" height=\"400px\" frameborder=\"0\"><\/iframe><\/center>\n\n\n\n<h2 class=\"wp-block-heading\">Strona www projektu:<\/h2>\n\n\n\n<figure class=\"wp-block-embed is-type-wp-embed is-provider-droga-integralnej-odnowy-czlowieka-via-reginae wp-block-embed-droga-integralnej-odnowy-czlowieka-via-reginae\"><div class=\"wp-block-embed__wrapper\">\n<blockquote class=\"wp-embedded-content\" data-secret=\"67Gs8NZYAP\"><a href=\"https:\/\/dioc.pl\/\">Strona g\u0142\u00f3wna<\/a><\/blockquote><iframe loading=\"lazy\" class=\"wp-embedded-content\" sandbox=\"allow-scripts\" security=\"restricted\" style=\"position: absolute; clip: rect(1px, 1px, 1px, 1px);\" title=\"&#8222;Strona g\u0142\u00f3wna&#8221; &#8212; Droga Integralnej Odnowy Cz\u0142owieka Via Reginae\" src=\"https:\/\/dioc.pl\/?embed=true#?secret=gyVBFRRULo#?secret=67Gs8NZYAP\" data-secret=\"67Gs8NZYAP\" width=\"600\" height=\"338\" frameborder=\"0\" marginwidth=\"0\" marginheight=\"0\" scrolling=\"no\"><\/iframe>\n<\/div><figcaption class=\"wp-element-caption\"><a href=\"https:\/\/dioc.pl\/\" target=\"_blank\" rel=\"noopener\" title=\"\">https:\/\/dioc.pl\/<\/a><\/figcaption><\/figure>\n","protected":false},"excerpt":{"rendered":"<p>https:\/\/youtu.be\/VgkiYgsS1tg PROJEKT \u201eDROGA INTEGRALNEJ ODNOWY CZ\u0141OWIEKA VIA REGINAE\u201d G\u0142\u00f3wnym celem jest zbudowanie nowego produktu \u2013 pieszego Szlaku \u201eDrogi integralnej Odnowy Cz\u0142owieka Via Reginae\u201d realizowanego w ramach Szlaku \u201eVia Reginae\u201d \u2013 markowego produktu kulturowo-turystycznego opartego na wschodnich i zachodnich tradycjach chrze\u015bcija\u0144skich. Cel przyczyni si\u0119 do zwi\u0119kszenia poziomu zr\u00f3wnowa\u017conego wykorzystania dziedzictwa kulturowego przez odwiedzaj\u0105cych i mieszka\u0144c\u00f3w. Du\u017ca&hellip; <a class=\"more-link\" href=\"https:\/\/fdk.org.pl\/?page_id=287\">Czytaj dalej <span class=\"screen-reader-text\">DIOC.pl<\/span><\/a><\/p>\n","protected":false},"author":1,"featured_media":0,"parent":0,"menu_order":0,"comment_status":"closed","ping_status":"closed","template":"","meta":{"footnotes":""},"class_list":["post-287","page","type-page","status-publish","hentry","entry"],"aioseo_notices":[],"_links":{"self":[{"href":"https:\/\/fdk.org.pl\/index.php?rest_route=\/wp\/v2\/pages\/287","targetHints":{"allow":["GET"]}}],"collection":[{"href":"https:\/\/fdk.org.pl\/index.php?rest_route=\/wp\/v2\/pages"}],"about":[{"href":"https:\/\/fdk.org.pl\/index.php?rest_route=\/wp\/v2\/types\/page"}],"author":[{"embeddable":true,"href":"https:\/\/fdk.org.pl\/index.php?rest_route=\/wp\/v2\/users\/1"}],"replies":[{"embeddable":true,"href":"https:\/\/fdk.org.pl\/index.php?rest_route=%2Fwp%2Fv2%2Fcomments&post=287"}],"version-history":[{"count":12,"href":"https:\/\/fdk.org.pl\/index.php?rest_route=\/wp\/v2\/pages\/287\/revisions"}],"predecessor-version":[{"id":600,"href":"https:\/\/fdk.org.pl\/index.php?rest_route=\/wp\/v2\/pages\/287\/revisions\/600"}],"wp:attachment":[{"href":"https:\/\/fdk.org.pl\/index.php?rest_route=%2Fwp%2Fv2%2Fmedia&parent=287"}],"curies":[{"name":"wp","href":"https:\/\/api.w.org\/{rel}","templated":true}]}}