



{"id":320,"date":"2022-06-12T05:05:40","date_gmt":"2022-06-12T05:05:40","guid":{"rendered":"http:\/\/fdk.org.pl:443\/?page_id=320"},"modified":"2023-03-19T04:26:14","modified_gmt":"2023-03-19T04:26:14","slug":"programy","status":"publish","type":"page","link":"https:\/\/fdk.org.pl\/?page_id=320","title":{"rendered":"Programy"},"content":{"rendered":"\n<p>Kr\u00f3tkie opisy naszych niekt\u00f3rych program\u00f3w:<\/p>\n\n\n\n<ul class=\"wp-block-list\">\n<li><a href=\"https:\/\/fdk.org.pl\/?page_id=287\" target=\"_blank\" rel=\"noopener\" title=\"\">Droga Integralnej Odnowy Cz\u0142owieka<\/a> &#8211; <a href=\"https:\/\/dioc.pl\" target=\"_blank\" rel=\"noopener\" title=\"\">Strona www projektu<\/a><\/li>\n\n\n\n<li><a href=\"https:\/\/fdk.org.pl\/?page_id=280\" target=\"_blank\" rel=\"noopener\" title=\"\">Strefa MOF Jaros\u0142aw-Przeworsk<\/a><\/li>\n\n\n\n<li><a href=\"https:\/\/fdk.org.pl\/?page_id=282\" target=\"_blank\" rel=\"noopener\" title=\"\">Via Reginae<\/a><\/li>\n\n\n\n<li><a href=\"https:\/\/fdk.org.pl\/?page_id=284\" target=\"_blank\" rel=\"noopener\" title=\"\">Europa Jagiellon\u00f3w \u2013 Via Jagiellonica<\/a><\/li>\n\n\n\n<li><a href=\"https:\/\/fdk.org.pl\/?page_id=302\" target=\"_blank\" rel=\"noopener\" title=\"\">Europejski Szlak Kulturowy Rakoczego<\/a><\/li>\n\n\n\n<li><a href=\"https:\/\/fdk.org.pl\/?page_id=304\" target=\"_blank\" rel=\"noopener\" title=\"\">Jaros\u0142aw \u2013 Magiczne miasto<\/a><\/li>\n\n\n\n<li><a href=\"https:\/\/fdk.org.pl\/?page_id=306\" target=\"_blank\" rel=\"noopener\" title=\"\">Europa \u2013 Ma\u0142opolska \u2013 Ruski Szlak<\/a><\/li>\n\n\n\n<li><a href=\"https:\/\/fdk.org.pl\/?page_id=308\" target=\"_blank\" rel=\"noopener\" title=\"\">Na Kupieckim Szlaku Via Regia \u2013 integracja region\u00f3w<\/a><\/li>\n\n\n\n<li><a href=\"https:\/\/www.facebook.com\/fdrogkulturowych\" target=\"_blank\" rel=\"noopener\" title=\"\">Polub nasz profil na Facebooku &#8211; B\u0105d\u017a na bie\u017c\u0105co<\/a><\/li>\n<\/ul>\n","protected":false},"excerpt":{"rendered":"<p>Kr\u00f3tkie opisy naszych niekt\u00f3rych program\u00f3w:<\/p>\n","protected":false},"author":1,"featured_media":0,"parent":0,"menu_order":0,"comment_status":"closed","ping_status":"closed","template":"","meta":{"footnotes":""},"class_list":["post-320","page","type-page","status-publish","hentry","entry"],"aioseo_notices":[],"_links":{"self":[{"href":"https:\/\/fdk.org.pl\/index.php?rest_route=\/wp\/v2\/pages\/320","targetHints":{"allow":["GET"]}}],"collection":[{"href":"https:\/\/fdk.org.pl\/index.php?rest_route=\/wp\/v2\/pages"}],"about":[{"href":"https:\/\/fdk.org.pl\/index.php?rest_route=\/wp\/v2\/types\/page"}],"author":[{"embeddable":true,"href":"https:\/\/fdk.org.pl\/index.php?rest_route=\/wp\/v2\/users\/1"}],"replies":[{"embeddable":true,"href":"https:\/\/fdk.org.pl\/index.php?rest_route=%2Fwp%2Fv2%2Fcomments&post=320"}],"version-history":[{"count":2,"href":"https:\/\/fdk.org.pl\/index.php?rest_route=\/wp\/v2\/pages\/320\/revisions"}],"predecessor-version":[{"id":594,"href":"https:\/\/fdk.org.pl\/index.php?rest_route=\/wp\/v2\/pages\/320\/revisions\/594"}],"wp:attachment":[{"href":"https:\/\/fdk.org.pl\/index.php?rest_route=%2Fwp%2Fv2%2Fmedia&parent=320"}],"curies":[{"name":"wp","href":"https:\/\/api.w.org\/{rel}","templated":true}]}}