



{"id":541,"date":"2023-03-12T15:49:43","date_gmt":"2023-03-12T15:49:43","guid":{"rendered":"https:\/\/fdk.org.pl\/?page_id=541"},"modified":"2025-06-08T05:53:25","modified_gmt":"2025-06-08T05:53:25","slug":"podatniku-pit-odliczysz-od-podatku-przekazana-nam-darowizne","status":"publish","type":"page","link":"https:\/\/fdk.org.pl\/?page_id=541","title":{"rendered":"PODATNIKU! (PIT) &#8211; Odliczysz od podatku przekazan\u0105 nam darowizn\u0119!"},"content":{"rendered":"\n<p>Fundacja dr\u00f3g kulturowych<\/p>\n\n\n\n<p>ul. Benedykty\u0144ska 5, 37-500 Jaros\u0142aw<\/p>\n\n\n\n<p>Nr. Konta: BNP Paribas Bank Polska S.A<br>PL 44 1600 1462 1838 6700 6000 0001<\/p>\n\n\n\n<p>Tytu\u0142 przelewu: Darowizna na cele statutowe Fundacji dr\u00f3g kulturowych<\/p>\n\n\n\n<h4 class=\"wp-block-heading has-text-align-center\"><strong>\u201eWsp\u00f3lna przesz\u0142o\u015b\u0107 \u2013 Wsp\u00f3lna droga \u2013 Wsp\u00f3lna przysz\u0142o\u015b\u0107\u201d<\/strong><\/h4>\n\n\n\n<h4 class=\"wp-block-heading has-text-align-center\"><strong>Fundacja dr\u00f3g kulturowych<\/strong><\/h4>\n\n\n\n<p>Odliczysz od podatku przekazan\u0105 nam darowizn\u0119!<\/p>\n\n\n\n<p>POKA\u017b IM \u017bE CI NA NICH ZALE\u017bY !<\/p>\n\n\n\n<figure class=\"wp-block-embed is-type-video is-provider-youtube wp-block-embed-youtube wp-embed-aspect-16-9 wp-has-aspect-ratio\"><div class=\"wp-block-embed__wrapper\">\n<iframe loading=\"lazy\" title=\"Dzia\u0142alno\u015b\u0107\" width=\"750\" height=\"422\" src=\"https:\/\/www.youtube.com\/embed\/videoseries?list=PLFnbBxpgPvKTqoAvvtEPhimZ2zxpaLJfl\" frameborder=\"0\" allow=\"accelerometer; autoplay; clipboard-write; encrypted-media; gyroscope; picture-in-picture; web-share\" allowfullscreen><\/iframe>\n<\/div><\/figure>\n\n\n\n<p class=\"wp-embed-aspect-16-9 wp-has-aspect-ratio\"><a href=\"https:\/\/youtube.com\/playlist?list=PLFnbBxpgPvKTqoAvvtEPhimZ2zxpaLJfl\" target=\"_blank\" rel=\"noopener\" title=\"\">https:\/\/youtube.com\/playlist?list=PLFnbBxpgPvKTqoAvvtEPhimZ2zxpaLJfl<\/a><\/p>\n\n\n\n<p>Mamy innowacyjne rozwi\u0105zania i zesp\u00f3\u0142 \u2013 profesjonalne i sprawdzone<\/p>\n\n\n\n<p>Przeka\u017c nam darowizn\u0119 kt\u00f3r\u0105 odliczysz od podatku<\/p>\n\n\n\n<p><a href=\"https:\/\/www.podatki.gov.pl\/pit\/ulgi-odliczenia-i-zwolnienia\/darowizny-na-dzialalnosc-pozytku-publicznego\/\">https:\/\/www.podatki.gov.pl\/pit\/ulgi-odliczenia-i-zwolnienia\/darowizny-na-dzialalnosc-pozytku-publicznego\/<\/a><\/p>\n\n\n\n<p>PAMI\u0118TAJ o dopisku \u201ena cele statutowe\u201d<\/p>\n\n\n\n<p>Je\u015bli przeka\u017cesz nam darowizn\u0119 wy\u015blemy dla Ciebie<\/p>\n\n\n\n<p>Podzi\u0119kowanie, kt\u00f3re mo\u017cesz zachowa\u0107 jako dow\u00f3d otwarto\u015bci serca i umys\u0142u<\/p>\n\n\n\n<p>na problemy oraz mo\u017cliwo\u015b\u0107 rozwoju i trosk\u0119 o PRZYSZ\u0141O\u015a\u0106 naszych KLIENT\u00d3W.<\/p>\n\n\n\n<p>ZNAJD\u0179 SWOJA DROG\u0118 !<\/p>\n\n\n\n<p><a href=\"https:\/\/fdk.org.pl\" target=\"_blank\" rel=\"noopener\" title=\"\">https:\/\/fdk.org.pl<\/a><br>Strona www Fundacji dr\u00f3g kulturowych<\/p>\n\n\n\n<p><a href=\"http:\/\/dioc.pl\" target=\"_blank\" rel=\"noopener\" title=\"\">http:\/\/dioc.pl<\/a><br>Strona projektu Drogi Integralnej Odnowy Cz\u0142owieka Via Reginae<\/p>\n\n\n\n<p>W ramach projektu specjali\u015bci odpowiedzialni byli za wsparcie psychoedukacyjne dotycz\u0105ce regeneracji duchowej i psychicznej, budzenia trwa\u0142ych pozytywnych emocji i relacji mi\u0119dzyludzkich, wykorzystywania bogactw przyrody i przestrzeni jako element\u00f3w pobudzaj\u0105cych do poszukiwania siebie, atrakcji przyrodniczych i dziedzictwa kulturowego sprzyjaj\u0105cego prze\u017cywaniu duchowych i mistycznych uniesie\u0144 i wra\u017ce\u0144.<\/p>\n\n\n\n<p>W naszym gronie znajduj\u0105 si\u0119 m.in. ekonomi\u015bci, socjolodzy, politolodzy, pedagodzy, psycholodzy, prawnicy, przedsi\u0119biorcy, duchowni, kt\u00f3rzy byli zaanga\u017cowani w realizacj\u0119 nast\u0119puj\u0105cych projekt\u00f3w\/dzia\u0142a\u0144:<\/p>\n\n\n\n<ol class=\"wp-block-list\" type=\"1\" start=\"1\">\n<li>Opracowanie projektu \u201eJaros\u0142aw \u2013 Magiczne miasto\u201d (projekt autorski)<\/li>\n\n\n\n<li>Opracowanie projektu \u201eEuropa \u2013 Ma\u0142opolska \u2013 Ruski Szlak\u201d (projekt autorski)<\/li>\n\n\n\n<li>Opracowanie projektu partnerskiego \u201eNa Kupieckim Szlaku Via Regia \u2013 integracja region\u00f3w\u201d (projekt autorski \u2013 4 partner\u00f3w)<\/li>\n\n\n\n<li>Opracowanie projektu partnerskiego \u201eVia Reginae\u201d PL SK(projekt autorski \u2013 17 partner\u00f3w)<\/li>\n\n\n\n<li>Opracowanie projektu partnerskiego \u201eVia Regia \u2013 Via Reginae\u201dPL BY UA (projekt autorski \u2013 23 partner\u00f3w)<\/li>\n\n\n\n<li>Opracowanie projektu partnerskiego \u201eVia Reginae \u2013 Szlak Turystyki Kwalifikowanej\u201d Kontrakt Terytorialny Wojew\u00f3dztwa Podkarpackiego (projekt autorski \u2013 14 partner\u00f3w)<\/li>\n\n\n\n<li>Opracowanie partnerskiego mikroprojektu \u201eDroga Integralnej Odnowy Cz\u0142owieka \u2013 Via Reginae\u201d (projekt autorski \u2013 2 partner\u00f3w)<\/li>\n\n\n\n<li>Opracowanie projektu partnerskiego \u201eEuropejski Szlak Kulturowy Rakoczego\u201d (projekt autorski \u2013 6 partner\u00f3w)<\/li>\n\n\n\n<li>Udzia\u0142 w pracach i opracowanie Program\u00f3w Rewitalizacji;<\/li>\n\n\n\n<li>Udzia\u0142 w pracach nad Strategi\u0105 Zintegrowanych Inwestycji Terytorialnych Rzeszowskiego Obszaru Funkcjonalnego;<\/li>\n\n\n\n<li>Udzia\u0142 w pracach nad Strategi\u0105 Zintegrowanych Inwestycji Terytorialnych Miejskiego Obszaru Funkcjonalnego;<\/li>\n\n\n\n<li>Udzia\u0142 w pracach nad Strategiami Rozwoju Gmin;<\/li>\n\n\n\n<li>Udzia\u0142 w pracach nad Strategiami Rozwi\u0105zywania Problem\u00f3w Spo\u0142ecznych;<\/li>\n\n\n\n<li>Udzia\u0142 w pracach nad Programami Rozwoju Ekonomii Spo\u0142ecznej;<\/li>\n\n\n\n<li>Powstanie Stowarzyszenia \u201eNa kupieckim szlaku\u201d \u2013 stowarzyszenie 14 jednostek samorz\u0105du terytorialnego (miast i powiat\u00f3w)<\/li>\n\n\n\n<li>Powstanie Klastra kulturowo-turystycznego Polski Wschodniej im. B\u0142. Jana Paw\u0142a II \u201eKlaster JP2\u201d \u2013 18 partner\u00f3w<\/li>\n\n\n\n<li>Powstanie Transgranicznego Klastra wsp\u00f3\u0142pracy przedsi\u0119biorstw bran\u017cy turystyczno-kulturowej \u201eKlaster Via Regia\u201d (4 partner\u00f3w)<\/li>\n\n\n\n<li>Oraz wielu innych!<\/li>\n<\/ol>\n","protected":false},"excerpt":{"rendered":"<p>Fundacja dr\u00f3g kulturowych ul. Benedykty\u0144ska 5, 37-500 Jaros\u0142aw Nr. Konta: BNP Paribas Bank Polska S.APL 44 1600 1462 1838 6700 6000 0001 Tytu\u0142 przelewu: Darowizna na cele statutowe Fundacji dr\u00f3g kulturowych \u201eWsp\u00f3lna przesz\u0142o\u015b\u0107 \u2013 Wsp\u00f3lna droga \u2013 Wsp\u00f3lna przysz\u0142o\u015b\u0107\u201d Fundacja dr\u00f3g kulturowych Odliczysz od podatku przekazan\u0105 nam darowizn\u0119! POKA\u017b IM \u017bE CI NA NICH ZALE\u017bY&hellip; <a class=\"more-link\" href=\"https:\/\/fdk.org.pl\/?page_id=541\">Czytaj dalej <span class=\"screen-reader-text\">PODATNIKU! (PIT) &#8211; Odliczysz od podatku przekazan\u0105 nam darowizn\u0119!<\/span><\/a><\/p>\n","protected":false},"author":1,"featured_media":0,"parent":0,"menu_order":0,"comment_status":"closed","ping_status":"closed","template":"","meta":{"footnotes":""},"class_list":["post-541","page","type-page","status-publish","hentry","entry"],"aioseo_notices":[],"_links":{"self":[{"href":"https:\/\/fdk.org.pl\/index.php?rest_route=\/wp\/v2\/pages\/541","targetHints":{"allow":["GET"]}}],"collection":[{"href":"https:\/\/fdk.org.pl\/index.php?rest_route=\/wp\/v2\/pages"}],"about":[{"href":"https:\/\/fdk.org.pl\/index.php?rest_route=\/wp\/v2\/types\/page"}],"author":[{"embeddable":true,"href":"https:\/\/fdk.org.pl\/index.php?rest_route=\/wp\/v2\/users\/1"}],"replies":[{"embeddable":true,"href":"https:\/\/fdk.org.pl\/index.php?rest_route=%2Fwp%2Fv2%2Fcomments&post=541"}],"version-history":[{"count":9,"href":"https:\/\/fdk.org.pl\/index.php?rest_route=\/wp\/v2\/pages\/541\/revisions"}],"predecessor-version":[{"id":690,"href":"https:\/\/fdk.org.pl\/index.php?rest_route=\/wp\/v2\/pages\/541\/revisions\/690"}],"wp:attachment":[{"href":"https:\/\/fdk.org.pl\/index.php?rest_route=%2Fwp%2Fv2%2Fmedia&parent=541"}],"curies":[{"name":"wp","href":"https:\/\/api.w.org\/{rel}","templated":true}]}}